{"id":7617,"date":"2025-06-29T09:58:07","date_gmt":"2025-06-29T07:58:07","guid":{"rendered":"https:\/\/uj.adatbank.ro\/lexikon\/termek\/farczadi-mihaly-3\/"},"modified":"2025-06-29T09:58:07","modified_gmt":"2025-06-29T07:58:07","slug":"farczadi-mihaly-3","status":"publish","type":"product","link":"https:\/\/uj.adatbank.ro\/lexikon\/termek\/farczadi-mihaly-3\/","title":{"rendered":"FARCZ\u00c1DI Mih\u00e1ly"},"content":{"rendered":"<p>Sz\u00e9kelyk\u00f6vesd, 1921. aug. 27., \u2020 Nagyilvafels\u0151, 1944. szept. 30.: honv\u00e9d. \u2013 Anyja Nemes J\u00falia. \u2013 A 27. t\u00e1bori t\u00fcz\u00e9rezredben honv\u00e9d. <br \/><strong>Irod.:<\/strong> Berekm\u00e9ri 2015<\/br><\/p>\n","protected":false},"excerpt":{"rendered":"<p>Sz\u00e9kelyk\u00f6vesd, 1921. aug. 27., \u2020 Nagyilvafels\u0151, 1944. szept. 30.: honv\u00e9d. \u2013 Anyja Nemes J\u00falia. \u2013 A 27. t\u00e1bori t\u00fcz\u00e9rezredben honv\u00e9d. Irod.: Berekm\u00e9ri 2015<\/p>\n","protected":false},"featured_media":0,"comment_status":"open","ping_status":"closed","template":"","meta":[],"product_brand":[],"product_cat":[137],"product_tag":[],"class_list":{"0":"post-7617","1":"product","2":"type-product","3":"status-publish","5":"product_cat-maros-megyei-eletrajzi-lexikon","7":"first","8":"instock","9":"shipping-taxable","10":"product-type-simple"},"_links":{"self":[{"href":"https:\/\/uj.adatbank.ro\/lexikon\/wp-json\/wp\/v2\/product\/7617","targetHints":{"allow":["GET"]}}],"collection":[{"href":"https:\/\/uj.adatbank.ro\/lexikon\/wp-json\/wp\/v2\/product"}],"about":[{"href":"https:\/\/uj.adatbank.ro\/lexikon\/wp-json\/wp\/v2\/types\/product"}],"replies":[{"embeddable":true,"href":"https:\/\/uj.adatbank.ro\/lexikon\/wp-json\/wp\/v2\/comments?post=7617"}],"wp:attachment":[{"href":"https:\/\/uj.adatbank.ro\/lexikon\/wp-json\/wp\/v2\/media?parent=7617"}],"wp:term":[{"taxonomy":"product_brand","embeddable":true,"href":"https:\/\/uj.adatbank.ro\/lexikon\/wp-json\/wp\/v2\/product_brand?post=7617"},{"taxonomy":"product_cat","embeddable":true,"href":"https:\/\/uj.adatbank.ro\/lexikon\/wp-json\/wp\/v2\/product_cat?post=7617"},{"taxonomy":"product_tag","embeddable":true,"href":"https:\/\/uj.adatbank.ro\/lexikon\/wp-json\/wp\/v2\/product_tag?post=7617"}],"curies":[{"name":"wp","href":"https:\/\/api.w.org\/{rel}","templated":true}]}}