{"id":7618,"date":"2025-06-29T09:58:09","date_gmt":"2025-06-29T07:58:09","guid":{"rendered":"https:\/\/uj.adatbank.ro\/lexikon\/termek\/farczadi-mihaly-fartzadi-mihaly\/"},"modified":"2025-06-29T09:58:09","modified_gmt":"2025-06-29T07:58:09","slug":"farczadi-mihaly-fartzadi-mihaly","status":"publish","type":"product","link":"https:\/\/uj.adatbank.ro\/lexikon\/termek\/farczadi-mihaly-fartzadi-mihaly\/","title":{"rendered":"FARCZ\u00c1DI Mih\u00e1ly, Fartz\u00e1di Mih\u00e1ly"},"content":{"rendered":"<p>? \u2020 ? : ref. lelk\u00e9sz. \u2013 Mv.-en subscrib\u00e1lt (1751). A g\u00f6rg\u00e9nyi egyh\u00e1zmegy\u00e9hez ker\u00fclt (1763. m\u00e1j. 13.). Lelk\u00e9sz Dedr\u00e1dsz\u00e9plakon (1764\u201366), Nagyercs\u00e9n (1767\u201368), Beresztelk\u00e9n m\u0171k\u00f6d\u00f6tt (1769\u20131802). <br \/><strong>Irod.:<\/strong> \u0150sz<\/br><\/p>\n","protected":false},"excerpt":{"rendered":"<p>? \u2020 ? : ref. lelk\u00e9sz. \u2013 Mv.-en subscrib\u00e1lt (1751). A g\u00f6rg\u00e9nyi egyh\u00e1zmegy\u00e9hez ker\u00fclt (1763. m\u00e1j. 13.). Lelk\u00e9sz Dedr\u00e1dsz\u00e9plakon (1764\u201366), Nagyercs\u00e9n (1767\u201368), Beresztelk\u00e9n m\u0171k\u00f6d\u00f6tt (1769\u20131802). Irod.: \u0150sz<\/p>\n","protected":false},"featured_media":0,"comment_status":"open","ping_status":"closed","template":"","meta":[],"product_brand":[],"product_cat":[137],"product_tag":[],"class_list":{"0":"post-7618","1":"product","2":"type-product","3":"status-publish","5":"product_cat-maros-megyei-eletrajzi-lexikon","7":"first","8":"instock","9":"shipping-taxable","10":"product-type-simple"},"_links":{"self":[{"href":"https:\/\/uj.adatbank.ro\/lexikon\/wp-json\/wp\/v2\/product\/7618","targetHints":{"allow":["GET"]}}],"collection":[{"href":"https:\/\/uj.adatbank.ro\/lexikon\/wp-json\/wp\/v2\/product"}],"about":[{"href":"https:\/\/uj.adatbank.ro\/lexikon\/wp-json\/wp\/v2\/types\/product"}],"replies":[{"embeddable":true,"href":"https:\/\/uj.adatbank.ro\/lexikon\/wp-json\/wp\/v2\/comments?post=7618"}],"wp:attachment":[{"href":"https:\/\/uj.adatbank.ro\/lexikon\/wp-json\/wp\/v2\/media?parent=7618"}],"wp:term":[{"taxonomy":"product_brand","embeddable":true,"href":"https:\/\/uj.adatbank.ro\/lexikon\/wp-json\/wp\/v2\/product_brand?post=7618"},{"taxonomy":"product_cat","embeddable":true,"href":"https:\/\/uj.adatbank.ro\/lexikon\/wp-json\/wp\/v2\/product_cat?post=7618"},{"taxonomy":"product_tag","embeddable":true,"href":"https:\/\/uj.adatbank.ro\/lexikon\/wp-json\/wp\/v2\/product_tag?post=7618"}],"curies":[{"name":"wp","href":"https:\/\/api.w.org\/{rel}","templated":true}]}}