{"id":7620,"date":"2025-06-29T09:58:12","date_gmt":"2025-06-29T07:58:12","guid":{"rendered":"https:\/\/uj.adatbank.ro\/lexikon\/termek\/farczadi-nagy-gabor\/"},"modified":"2025-06-29T09:58:12","modified_gmt":"2025-06-29T07:58:12","slug":"farczadi-nagy-gabor","status":"publish","type":"product","link":"https:\/\/uj.adatbank.ro\/lexikon\/termek\/farczadi-nagy-gabor\/","title":{"rendered":"FARCZ\u00c1DI Nagy G\u00e1bor"},"content":{"rendered":"<p>? \u2020 Marosv\u00e9cs, 1784. febr. 16.: ref. lelk\u00e9sz. \u2013 Sz\u00e9kelyudvarhelyen subscrib\u00e1kt (1722). Senior volt Nagyenyeden (1726). Enyeden k\u00e1pl\u00e1n, Sz\u00e1szv\u00e1roson rektor (1735\u201337). Odera-Frankfurtban (1740), Utrechtben (1742\u20131744) \u00e9s Groningenben (1744) peregrin\u00e1lt. A g\u00f6rg\u00e9nyi ref. egyh\u00e1zmegy\u00e9hez ker\u00fclt (1749. nov. 29). K\u00f6rtv\u00e9lyf\u00e1j\u00e1n m\u0171k\u00f6d\u00f6tt (1731), majd Marosv\u00e9csen hal\u00e1l\u00e1ig (1750\u201384). <br \/><strong>Irod.:<\/strong> \u0150sz<\/br><\/p>\n","protected":false},"excerpt":{"rendered":"<p>? \u2020 Marosv\u00e9cs, 1784. febr. 16.: ref. lelk\u00e9sz. \u2013 Sz\u00e9kelyudvarhelyen subscrib\u00e1kt (1722). Senior volt Nagyenyeden (1726). Enyeden k\u00e1pl\u00e1n, Sz\u00e1szv\u00e1roson rektor (1735\u201337). Odera-Frankfurtban (1740), Utrechtben (1742\u20131744) \u00e9s Groningenben (1744) peregrin\u00e1lt. A g\u00f6rg\u00e9nyi ref. egyh\u00e1zmegy\u00e9hez ker\u00fclt (1749. nov. 29). K\u00f6rtv\u00e9lyf\u00e1j\u00e1n m\u0171k\u00f6d\u00f6tt (1731), majd Marosv\u00e9csen hal\u00e1l\u00e1ig (1750\u201384). Irod.: \u0150sz<\/p>\n","protected":false},"featured_media":0,"comment_status":"open","ping_status":"closed","template":"","meta":[],"product_brand":[],"product_cat":[137],"product_tag":[],"class_list":{"0":"post-7620","1":"product","2":"type-product","3":"status-publish","5":"product_cat-maros-megyei-eletrajzi-lexikon","7":"first","8":"instock","9":"shipping-taxable","10":"product-type-simple"},"_links":{"self":[{"href":"https:\/\/uj.adatbank.ro\/lexikon\/wp-json\/wp\/v2\/product\/7620","targetHints":{"allow":["GET"]}}],"collection":[{"href":"https:\/\/uj.adatbank.ro\/lexikon\/wp-json\/wp\/v2\/product"}],"about":[{"href":"https:\/\/uj.adatbank.ro\/lexikon\/wp-json\/wp\/v2\/types\/product"}],"replies":[{"embeddable":true,"href":"https:\/\/uj.adatbank.ro\/lexikon\/wp-json\/wp\/v2\/comments?post=7620"}],"wp:attachment":[{"href":"https:\/\/uj.adatbank.ro\/lexikon\/wp-json\/wp\/v2\/media?parent=7620"}],"wp:term":[{"taxonomy":"product_brand","embeddable":true,"href":"https:\/\/uj.adatbank.ro\/lexikon\/wp-json\/wp\/v2\/product_brand?post=7620"},{"taxonomy":"product_cat","embeddable":true,"href":"https:\/\/uj.adatbank.ro\/lexikon\/wp-json\/wp\/v2\/product_cat?post=7620"},{"taxonomy":"product_tag","embeddable":true,"href":"https:\/\/uj.adatbank.ro\/lexikon\/wp-json\/wp\/v2\/product_tag?post=7620"}],"curies":[{"name":"wp","href":"https:\/\/api.w.org\/{rel}","templated":true}]}}