{"id":7626,"date":"2025-06-29T09:58:26","date_gmt":"2025-06-29T07:58:26","guid":{"rendered":"https:\/\/uj.adatbank.ro\/lexikon\/termek\/farczady-jolan\/"},"modified":"2025-06-29T09:58:26","modified_gmt":"2025-06-29T07:58:26","slug":"farczady-jolan","status":"publish","type":"product","link":"https:\/\/uj.adatbank.ro\/lexikon\/termek\/farczady-jolan\/","title":{"rendered":"FARCZ\u00c1DY Jol\u00e1n"},"content":{"rendered":"<p>1888. \u2020\u00a0Mv., 1971: tan\u00e1rn\u0151. \u2013 F. Elek n\u00f6v\u00e9re. \u2013 K\u00e9mi\u00e1t, fizik\u00e1t, matematik\u00e1t tan\u00edtott Mv.-en k\u00f6zel 50 \u00e9vig. A mv.-i Kaszino tagja (1933\u2013), KZST tagja, A Ref. N\u0151sz\u00f6vets\u00e9g titk\u00e1ra (1930). Az Erd\u00e9lyi Helikon mv.-i tagjai k\u00f6zt szerepelt (1930). <br \/><strong>Irod.:<\/strong> De\u00e9 Nagy Anik\u00f3 2007; Marosi-Helikon; Marosi-KZST; KZST1930; Nagy Lajos: Mindenre van er\u0151m a Krisztusban (Mv., 2005.); \u00dcnnepi k\u00f6nyv<\/br><\/p>\n","protected":false},"excerpt":{"rendered":"<p>1888. \u2020\u00a0Mv., 1971: tan\u00e1rn\u0151. \u2013 F. Elek n\u00f6v\u00e9re. \u2013 K\u00e9mi\u00e1t, fizik\u00e1t, matematik\u00e1t tan\u00edtott Mv.-en k\u00f6zel 50 \u00e9vig. A mv.-i Kaszino tagja (1933\u2013), KZST tagja, A Ref. N\u0151sz\u00f6vets\u00e9g titk\u00e1ra (1930). Az Erd\u00e9lyi Helikon mv.-i tagjai k\u00f6zt szerepelt (1930). Irod.: De\u00e9 Nagy Anik\u00f3 2007; Marosi-Helikon; Marosi-KZST; KZST1930; Nagy Lajos: Mindenre van er\u0151m a Krisztusban (Mv., 2005.); \u00dcnnepi [&hellip;]<\/p>\n","protected":false},"featured_media":0,"comment_status":"open","ping_status":"closed","template":"","meta":[],"product_brand":[],"product_cat":[137],"product_tag":[],"class_list":{"0":"post-7626","1":"product","2":"type-product","3":"status-publish","5":"product_cat-maros-megyei-eletrajzi-lexikon","7":"first","8":"instock","9":"shipping-taxable","10":"product-type-simple"},"_links":{"self":[{"href":"https:\/\/uj.adatbank.ro\/lexikon\/wp-json\/wp\/v2\/product\/7626","targetHints":{"allow":["GET"]}}],"collection":[{"href":"https:\/\/uj.adatbank.ro\/lexikon\/wp-json\/wp\/v2\/product"}],"about":[{"href":"https:\/\/uj.adatbank.ro\/lexikon\/wp-json\/wp\/v2\/types\/product"}],"replies":[{"embeddable":true,"href":"https:\/\/uj.adatbank.ro\/lexikon\/wp-json\/wp\/v2\/comments?post=7626"}],"wp:attachment":[{"href":"https:\/\/uj.adatbank.ro\/lexikon\/wp-json\/wp\/v2\/media?parent=7626"}],"wp:term":[{"taxonomy":"product_brand","embeddable":true,"href":"https:\/\/uj.adatbank.ro\/lexikon\/wp-json\/wp\/v2\/product_brand?post=7626"},{"taxonomy":"product_cat","embeddable":true,"href":"https:\/\/uj.adatbank.ro\/lexikon\/wp-json\/wp\/v2\/product_cat?post=7626"},{"taxonomy":"product_tag","embeddable":true,"href":"https:\/\/uj.adatbank.ro\/lexikon\/wp-json\/wp\/v2\/product_tag?post=7626"}],"curies":[{"name":"wp","href":"https:\/\/api.w.org\/{rel}","templated":true}]}}