{"id":7627,"date":"2025-06-29T09:58:28","date_gmt":"2025-06-29T07:58:28","guid":{"rendered":"https:\/\/uj.adatbank.ro\/lexikon\/termek\/farczady-jozsef\/"},"modified":"2025-06-29T09:58:28","modified_gmt":"2025-06-29T07:58:28","slug":"farczady-jozsef","status":"publish","type":"product","link":"https:\/\/uj.adatbank.ro\/lexikon\/termek\/farczady-jozsef\/","title":{"rendered":"FARCZ\u00c1DY J\u00f3zsef"},"content":{"rendered":"<p>Makfalva, 1852., \u2020\u00a01898 : tan\u00e1r. \u2013 A k\u00f6z\u00e9piskol\u00e1t Mv.-en , az egyetemet Kv.-on v\u00e9gezte. K\u00f6zl\u00e9piskolai tan\u00e1r vegytan \u00e9s term\u00e9szetrajz szakon. Tan\u00edtott a t\u00far\u00f3cszentm\u00e1rtoni \u00c1llami Fels\u0151 Kereskedelmi Iskol\u00e1ban vegytant \u00e9s \u00e1r\u00faismeretet (1885\u2013), valamint a polg\u00e1ri iskol\u00e1ban term\u00e9szetrajzot \u00e9s latin nyelvet. Betegs\u00e9ge miatt szabads\u00e1golt\u00e1k (1896). <br \/><strong>Irod.:<\/strong> P\u00e1lmay J\u00f3zsef; Schack B\u00e9la: Kereskedelmi iskol\u00e1ink a millenium esztendej\u00e9ben (Bp., 1896)<\/br><\/p>\n","protected":false},"excerpt":{"rendered":"<p>Makfalva, 1852., \u2020\u00a01898 : tan\u00e1r. \u2013 A k\u00f6z\u00e9piskol\u00e1t Mv.-en , az egyetemet Kv.-on v\u00e9gezte. K\u00f6zl\u00e9piskolai tan\u00e1r vegytan \u00e9s term\u00e9szetrajz szakon. Tan\u00edtott a t\u00far\u00f3cszentm\u00e1rtoni \u00c1llami Fels\u0151 Kereskedelmi Iskol\u00e1ban vegytant \u00e9s \u00e1r\u00faismeretet (1885\u2013), valamint a polg\u00e1ri iskol\u00e1ban term\u00e9szetrajzot \u00e9s latin nyelvet. Betegs\u00e9ge miatt szabads\u00e1golt\u00e1k (1896). Irod.: P\u00e1lmay J\u00f3zsef; Schack B\u00e9la: Kereskedelmi iskol\u00e1ink a millenium esztendej\u00e9ben (Bp., 1896)<\/p>\n","protected":false},"featured_media":0,"comment_status":"open","ping_status":"closed","template":"","meta":[],"product_brand":[],"product_cat":[137],"product_tag":[],"class_list":{"0":"post-7627","1":"product","2":"type-product","3":"status-publish","5":"product_cat-maros-megyei-eletrajzi-lexikon","7":"first","8":"instock","9":"shipping-taxable","10":"product-type-simple"},"_links":{"self":[{"href":"https:\/\/uj.adatbank.ro\/lexikon\/wp-json\/wp\/v2\/product\/7627","targetHints":{"allow":["GET"]}}],"collection":[{"href":"https:\/\/uj.adatbank.ro\/lexikon\/wp-json\/wp\/v2\/product"}],"about":[{"href":"https:\/\/uj.adatbank.ro\/lexikon\/wp-json\/wp\/v2\/types\/product"}],"replies":[{"embeddable":true,"href":"https:\/\/uj.adatbank.ro\/lexikon\/wp-json\/wp\/v2\/comments?post=7627"}],"wp:attachment":[{"href":"https:\/\/uj.adatbank.ro\/lexikon\/wp-json\/wp\/v2\/media?parent=7627"}],"wp:term":[{"taxonomy":"product_brand","embeddable":true,"href":"https:\/\/uj.adatbank.ro\/lexikon\/wp-json\/wp\/v2\/product_brand?post=7627"},{"taxonomy":"product_cat","embeddable":true,"href":"https:\/\/uj.adatbank.ro\/lexikon\/wp-json\/wp\/v2\/product_cat?post=7627"},{"taxonomy":"product_tag","embeddable":true,"href":"https:\/\/uj.adatbank.ro\/lexikon\/wp-json\/wp\/v2\/product_tag?post=7627"}],"curies":[{"name":"wp","href":"https:\/\/api.w.org\/{rel}","templated":true}]}}