{"id":7628,"date":"2025-06-29T09:58:29","date_gmt":"2025-06-29T07:58:29","guid":{"rendered":"https:\/\/uj.adatbank.ro\/lexikon\/termek\/farczady-kornelia\/"},"modified":"2025-06-29T09:58:29","modified_gmt":"2025-06-29T07:58:29","slug":"farczady-kornelia","status":"publish","type":"product","link":"https:\/\/uj.adatbank.ro\/lexikon\/termek\/farczady-kornelia\/","title":{"rendered":"FARCZ\u00c1DY Korn\u00e9lia"},"content":{"rendered":"<p>Nagybaromlak, 1897. szept. 4., \u2020\u00a0Mv., 1975. nov. 11.: gondoz\u00f3n\u0151, lev\u00e9lt\u00e1ros. \u2013 A mv.-i fels\u0151kereskedelmi iskol\u00e1ban \u00e9retts\u00e9gizett (1922), a zeneiskol\u00e1ban is tanult k\u00e9t \u00e9vet \u00e9nekelni. A mv.-i egyh\u00e1zk\u00f6zs\u00e9g alkalmazta gondoz\u00f3n\u0151nek \u00e9s lev\u00e9lt\u00e1rosnak (1963. jan. 1. \u2013). <br \/><strong>Irod.:<\/strong> Berekm\u00e9ri \u00c1rp\u00e1d-R\u00f3bert: A Mv.-i Ref. Vid\u00e9ki Gy\u0171jt\u0151lev\u00e9lt\u00e1r 50 \u00e9ve (1961\u20132011) (Korunk, 8. sz., 2012)<\/br><\/p>\n","protected":false},"excerpt":{"rendered":"<p>Nagybaromlak, 1897. szept. 4., \u2020\u00a0Mv., 1975. nov. 11.: gondoz\u00f3n\u0151, lev\u00e9lt\u00e1ros. \u2013 A mv.-i fels\u0151kereskedelmi iskol\u00e1ban \u00e9retts\u00e9gizett (1922), a zeneiskol\u00e1ban is tanult k\u00e9t \u00e9vet \u00e9nekelni. A mv.-i egyh\u00e1zk\u00f6zs\u00e9g alkalmazta gondoz\u00f3n\u0151nek \u00e9s lev\u00e9lt\u00e1rosnak (1963. jan. 1. \u2013). Irod.: Berekm\u00e9ri \u00c1rp\u00e1d-R\u00f3bert: A Mv.-i Ref. Vid\u00e9ki Gy\u0171jt\u0151lev\u00e9lt\u00e1r 50 \u00e9ve (1961\u20132011) (Korunk, 8. sz., 2012)<\/p>\n","protected":false},"featured_media":0,"comment_status":"open","ping_status":"closed","template":"","meta":[],"product_brand":[],"product_cat":[137],"product_tag":[],"class_list":{"0":"post-7628","1":"product","2":"type-product","3":"status-publish","5":"product_cat-maros-megyei-eletrajzi-lexikon","7":"first","8":"instock","9":"shipping-taxable","10":"product-type-simple"},"_links":{"self":[{"href":"https:\/\/uj.adatbank.ro\/lexikon\/wp-json\/wp\/v2\/product\/7628","targetHints":{"allow":["GET"]}}],"collection":[{"href":"https:\/\/uj.adatbank.ro\/lexikon\/wp-json\/wp\/v2\/product"}],"about":[{"href":"https:\/\/uj.adatbank.ro\/lexikon\/wp-json\/wp\/v2\/types\/product"}],"replies":[{"embeddable":true,"href":"https:\/\/uj.adatbank.ro\/lexikon\/wp-json\/wp\/v2\/comments?post=7628"}],"wp:attachment":[{"href":"https:\/\/uj.adatbank.ro\/lexikon\/wp-json\/wp\/v2\/media?parent=7628"}],"wp:term":[{"taxonomy":"product_brand","embeddable":true,"href":"https:\/\/uj.adatbank.ro\/lexikon\/wp-json\/wp\/v2\/product_brand?post=7628"},{"taxonomy":"product_cat","embeddable":true,"href":"https:\/\/uj.adatbank.ro\/lexikon\/wp-json\/wp\/v2\/product_cat?post=7628"},{"taxonomy":"product_tag","embeddable":true,"href":"https:\/\/uj.adatbank.ro\/lexikon\/wp-json\/wp\/v2\/product_tag?post=7628"}],"curies":[{"name":"wp","href":"https:\/\/api.w.org\/{rel}","templated":true}]}}