{"id":7629,"date":"2025-06-29T09:58:31","date_gmt":"2025-06-29T07:58:31","guid":{"rendered":"https:\/\/uj.adatbank.ro\/lexikon\/termek\/farfuri-gyula\/"},"modified":"2025-06-29T09:58:31","modified_gmt":"2025-06-29T07:58:31","slug":"farfuri-gyula","status":"publish","type":"product","link":"https:\/\/uj.adatbank.ro\/lexikon\/termek\/farfuri-gyula\/","title":{"rendered":"FARFURI Gyula"},"content":{"rendered":"<p>? \u2020\u00a0? : gordonk\u00e1s. \u2013 Tagja volt a Mv.-en megalakult els\u0151 kvartettnek (Mentovich Gyula I. heged\u0171, G\u00f6ldner K\u00e1roly II. heged\u0171, Petelei Istv\u00e1n m\u00e9lyheged\u0171, Fanfuri Gyula gordonka. (1878). <br \/><strong>Irod.:<\/strong> Kim<\/br><\/p>\n","protected":false},"excerpt":{"rendered":"<p>? \u2020\u00a0? : gordonk\u00e1s. \u2013 Tagja volt a Mv.-en megalakult els\u0151 kvartettnek (Mentovich Gyula I. heged\u0171, G\u00f6ldner K\u00e1roly II. heged\u0171, Petelei Istv\u00e1n m\u00e9lyheged\u0171, Fanfuri Gyula gordonka. (1878). Irod.: Kim<\/p>\n","protected":false},"featured_media":0,"comment_status":"open","ping_status":"closed","template":"","meta":[],"product_brand":[],"product_cat":[137],"product_tag":[],"class_list":{"0":"post-7629","1":"product","2":"type-product","3":"status-publish","5":"product_cat-maros-megyei-eletrajzi-lexikon","7":"first","8":"instock","9":"shipping-taxable","10":"product-type-simple"},"_links":{"self":[{"href":"https:\/\/uj.adatbank.ro\/lexikon\/wp-json\/wp\/v2\/product\/7629","targetHints":{"allow":["GET"]}}],"collection":[{"href":"https:\/\/uj.adatbank.ro\/lexikon\/wp-json\/wp\/v2\/product"}],"about":[{"href":"https:\/\/uj.adatbank.ro\/lexikon\/wp-json\/wp\/v2\/types\/product"}],"replies":[{"embeddable":true,"href":"https:\/\/uj.adatbank.ro\/lexikon\/wp-json\/wp\/v2\/comments?post=7629"}],"wp:attachment":[{"href":"https:\/\/uj.adatbank.ro\/lexikon\/wp-json\/wp\/v2\/media?parent=7629"}],"wp:term":[{"taxonomy":"product_brand","embeddable":true,"href":"https:\/\/uj.adatbank.ro\/lexikon\/wp-json\/wp\/v2\/product_brand?post=7629"},{"taxonomy":"product_cat","embeddable":true,"href":"https:\/\/uj.adatbank.ro\/lexikon\/wp-json\/wp\/v2\/product_cat?post=7629"},{"taxonomy":"product_tag","embeddable":true,"href":"https:\/\/uj.adatbank.ro\/lexikon\/wp-json\/wp\/v2\/product_tag?post=7629"}],"curies":[{"name":"wp","href":"https:\/\/api.w.org\/{rel}","templated":true}]}}