{"id":7635,"date":"2025-06-29T09:58:46","date_gmt":"2025-06-29T07:58:46","guid":{"rendered":"https:\/\/uj.adatbank.ro\/lexikon\/termek\/farkas-aladar-bisztrai\/"},"modified":"2025-06-29T09:58:46","modified_gmt":"2025-06-29T07:58:46","slug":"farkas-aladar-bisztrai","status":"publish","type":"product","link":"https:\/\/uj.adatbank.ro\/lexikon\/termek\/farkas-aladar-bisztrai\/","title":{"rendered":"FARKAS Alad\u00e1r, bisztrai"},"content":{"rendered":"<p>? \u2020\u00a0? : gy\u00e1ros. \u2013 M. T\u00e1rstud. Egyes\u00fclet alap\u00edt\u00f3 tagja (1907). Nemess\u00e9get kapott (1910. okt. 5.). <br \/><strong>Irod.:<\/strong> MT\u00e1rstud. Egyes\u00fclet; \u00dajv\u00e1ri<\/br><\/p>\n","protected":false},"excerpt":{"rendered":"<p>? \u2020\u00a0? : gy\u00e1ros. \u2013 M. T\u00e1rstud. Egyes\u00fclet alap\u00edt\u00f3 tagja (1907). Nemess\u00e9get kapott (1910. okt. 5.). Irod.: MT\u00e1rstud. Egyes\u00fclet; \u00dajv\u00e1ri<\/p>\n","protected":false},"featured_media":0,"comment_status":"open","ping_status":"closed","template":"","meta":[],"product_brand":[],"product_cat":[137],"product_tag":[],"class_list":{"0":"post-7635","1":"product","2":"type-product","3":"status-publish","5":"product_cat-maros-megyei-eletrajzi-lexikon","7":"first","8":"instock","9":"shipping-taxable","10":"product-type-simple"},"_links":{"self":[{"href":"https:\/\/uj.adatbank.ro\/lexikon\/wp-json\/wp\/v2\/product\/7635","targetHints":{"allow":["GET"]}}],"collection":[{"href":"https:\/\/uj.adatbank.ro\/lexikon\/wp-json\/wp\/v2\/product"}],"about":[{"href":"https:\/\/uj.adatbank.ro\/lexikon\/wp-json\/wp\/v2\/types\/product"}],"replies":[{"embeddable":true,"href":"https:\/\/uj.adatbank.ro\/lexikon\/wp-json\/wp\/v2\/comments?post=7635"}],"wp:attachment":[{"href":"https:\/\/uj.adatbank.ro\/lexikon\/wp-json\/wp\/v2\/media?parent=7635"}],"wp:term":[{"taxonomy":"product_brand","embeddable":true,"href":"https:\/\/uj.adatbank.ro\/lexikon\/wp-json\/wp\/v2\/product_brand?post=7635"},{"taxonomy":"product_cat","embeddable":true,"href":"https:\/\/uj.adatbank.ro\/lexikon\/wp-json\/wp\/v2\/product_cat?post=7635"},{"taxonomy":"product_tag","embeddable":true,"href":"https:\/\/uj.adatbank.ro\/lexikon\/wp-json\/wp\/v2\/product_tag?post=7635"}],"curies":[{"name":"wp","href":"https:\/\/api.w.org\/{rel}","templated":true}]}}