{"id":7637,"date":"2025-06-29T09:58:50","date_gmt":"2025-06-29T07:58:50","guid":{"rendered":"https:\/\/uj.adatbank.ro\/lexikon\/termek\/farkas-albert-2\/"},"modified":"2025-06-29T09:58:50","modified_gmt":"2025-06-29T07:58:50","slug":"farkas-albert-2","status":"publish","type":"product","link":"https:\/\/uj.adatbank.ro\/lexikon\/termek\/farkas-albert-2\/","title":{"rendered":"FARKAS Albert"},"content":{"rendered":"<p>? \u2020\u00a0? : f\u00f6ldbirtokos. \u2013 A dedr\u00e1dsz\u00e9plaki f\u00f6ldbirtokos csal\u00e1d sarja. Testv\u00e9re: J\u00f3zsef. \u2013 Tev\u00e9kenyen r\u00e9szt vett az 1848\u20131849-es forradalomban. Testv\u00e9r\u00e9vel \u00f3ri\u00e1si f\u00f6ldbirtokok tulajdonosa volt: Magyarr\u00e9gen, Sz\u00e1szr\u00e9gen, F\u00fcleh\u00e1za, Palotailva, G\u00f6demesterh\u00e1za, Marosh\u00e9v\u00edz, Dedr\u00e1dsz\u00e9plak, B\u00e1tos, Sz\u00e1szl\u00fadv\u00e9g \u00e9s Ol\u00e1h\u00fajfalu. <br \/><strong>Irod.:<\/strong> Sz\u00e1szr\u00e9gen \u00e9s vid\u00e9ke<\/br><\/p>\n","protected":false},"excerpt":{"rendered":"<p>? \u2020\u00a0? : f\u00f6ldbirtokos. \u2013 A dedr\u00e1dsz\u00e9plaki f\u00f6ldbirtokos csal\u00e1d sarja. Testv\u00e9re: J\u00f3zsef. \u2013 Tev\u00e9kenyen r\u00e9szt vett az 1848\u20131849-es forradalomban. Testv\u00e9r\u00e9vel \u00f3ri\u00e1si f\u00f6ldbirtokok tulajdonosa volt: Magyarr\u00e9gen, Sz\u00e1szr\u00e9gen, F\u00fcleh\u00e1za, Palotailva, G\u00f6demesterh\u00e1za, Marosh\u00e9v\u00edz, Dedr\u00e1dsz\u00e9plak, B\u00e1tos, Sz\u00e1szl\u00fadv\u00e9g \u00e9s Ol\u00e1h\u00fajfalu. Irod.: Sz\u00e1szr\u00e9gen \u00e9s vid\u00e9ke<\/p>\n","protected":false},"featured_media":0,"comment_status":"open","ping_status":"closed","template":"","meta":[],"product_brand":[],"product_cat":[137],"product_tag":[],"class_list":{"0":"post-7637","1":"product","2":"type-product","3":"status-publish","5":"product_cat-maros-megyei-eletrajzi-lexikon","7":"first","8":"instock","9":"shipping-taxable","10":"product-type-simple"},"_links":{"self":[{"href":"https:\/\/uj.adatbank.ro\/lexikon\/wp-json\/wp\/v2\/product\/7637","targetHints":{"allow":["GET"]}}],"collection":[{"href":"https:\/\/uj.adatbank.ro\/lexikon\/wp-json\/wp\/v2\/product"}],"about":[{"href":"https:\/\/uj.adatbank.ro\/lexikon\/wp-json\/wp\/v2\/types\/product"}],"replies":[{"embeddable":true,"href":"https:\/\/uj.adatbank.ro\/lexikon\/wp-json\/wp\/v2\/comments?post=7637"}],"wp:attachment":[{"href":"https:\/\/uj.adatbank.ro\/lexikon\/wp-json\/wp\/v2\/media?parent=7637"}],"wp:term":[{"taxonomy":"product_brand","embeddable":true,"href":"https:\/\/uj.adatbank.ro\/lexikon\/wp-json\/wp\/v2\/product_brand?post=7637"},{"taxonomy":"product_cat","embeddable":true,"href":"https:\/\/uj.adatbank.ro\/lexikon\/wp-json\/wp\/v2\/product_cat?post=7637"},{"taxonomy":"product_tag","embeddable":true,"href":"https:\/\/uj.adatbank.ro\/lexikon\/wp-json\/wp\/v2\/product_tag?post=7637"}],"curies":[{"name":"wp","href":"https:\/\/api.w.org\/{rel}","templated":true}]}}