{"id":7638,"date":"2025-06-29T09:58:51","date_gmt":"2025-06-29T07:58:51","guid":{"rendered":"https:\/\/uj.adatbank.ro\/lexikon\/termek\/farkas-albert-3\/"},"modified":"2025-06-29T09:58:51","modified_gmt":"2025-06-29T07:58:51","slug":"farkas-albert-3","status":"publish","type":"product","link":"https:\/\/uj.adatbank.ro\/lexikon\/termek\/farkas-albert-3\/","title":{"rendered":"FARKAS Albert"},"content":{"rendered":"<p>1853.? \u2020\u00a0Mv., 1881. jan. 18.: vas\u00fati m\u00e9rn\u00f6k. \u2013 F. K\u00e1roly \u00e9s Nagy J\u00falia fia. Testv\u00e9rei: Guid\u00f3; Anna Kov\u00e1cs Geiz\u00e1n\u00e9; D\u00e1niel, feles\u00e9ge: Aradi Eszter; K\u00e1roly. \u2013 Nagyv\u00e1radi vas\u00fati m\u00e9rn\u00f6k volt. <br \/><strong>Irod.:<\/strong> Gy\u00e1szjelent\u0151<\/br><\/p>\n","protected":false},"excerpt":{"rendered":"<p>1853.? \u2020\u00a0Mv., 1881. jan. 18.: vas\u00fati m\u00e9rn\u00f6k. \u2013 F. K\u00e1roly \u00e9s Nagy J\u00falia fia. Testv\u00e9rei: Guid\u00f3; Anna Kov\u00e1cs Geiz\u00e1n\u00e9; D\u00e1niel, feles\u00e9ge: Aradi Eszter; K\u00e1roly. \u2013 Nagyv\u00e1radi vas\u00fati m\u00e9rn\u00f6k volt. Irod.: Gy\u00e1szjelent\u0151<\/p>\n","protected":false},"featured_media":0,"comment_status":"open","ping_status":"closed","template":"","meta":[],"product_brand":[],"product_cat":[137],"product_tag":[],"class_list":{"0":"post-7638","1":"product","2":"type-product","3":"status-publish","5":"product_cat-maros-megyei-eletrajzi-lexikon","7":"first","8":"instock","9":"shipping-taxable","10":"product-type-simple"},"_links":{"self":[{"href":"https:\/\/uj.adatbank.ro\/lexikon\/wp-json\/wp\/v2\/product\/7638","targetHints":{"allow":["GET"]}}],"collection":[{"href":"https:\/\/uj.adatbank.ro\/lexikon\/wp-json\/wp\/v2\/product"}],"about":[{"href":"https:\/\/uj.adatbank.ro\/lexikon\/wp-json\/wp\/v2\/types\/product"}],"replies":[{"embeddable":true,"href":"https:\/\/uj.adatbank.ro\/lexikon\/wp-json\/wp\/v2\/comments?post=7638"}],"wp:attachment":[{"href":"https:\/\/uj.adatbank.ro\/lexikon\/wp-json\/wp\/v2\/media?parent=7638"}],"wp:term":[{"taxonomy":"product_brand","embeddable":true,"href":"https:\/\/uj.adatbank.ro\/lexikon\/wp-json\/wp\/v2\/product_brand?post=7638"},{"taxonomy":"product_cat","embeddable":true,"href":"https:\/\/uj.adatbank.ro\/lexikon\/wp-json\/wp\/v2\/product_cat?post=7638"},{"taxonomy":"product_tag","embeddable":true,"href":"https:\/\/uj.adatbank.ro\/lexikon\/wp-json\/wp\/v2\/product_tag?post=7638"}],"curies":[{"name":"wp","href":"https:\/\/api.w.org\/{rel}","templated":true}]}}