{"id":7644,"date":"2025-06-29T09:59:05","date_gmt":"2025-06-29T07:59:05","guid":{"rendered":"https:\/\/uj.adatbank.ro\/lexikon\/termek\/farkas-antal\/"},"modified":"2025-06-29T09:59:05","modified_gmt":"2025-06-29T07:59:05","slug":"farkas-antal","status":"publish","type":"product","link":"https:\/\/uj.adatbank.ro\/lexikon\/termek\/farkas-antal\/","title":{"rendered":"FARKAS Antal"},"content":{"rendered":"<p>Erzs\u00e9betv\u00e1ros, 1870., \u2020\u00a0? : k\u00f6rorvos. \u2013 Tanulm\u00e1nyait Gyulafeh\u00e9rv\u00e1ron \u00e9s B\u00e9csben v\u00e9gezte, doktorr\u00e1 avatt\u00e1sa ut\u00e1n (1898) Sz\u00e9kelykereszt\u00faron kezdte p\u00e1lyafut\u00e1s\u00e1t onnan G\u00f6rg\u00e9nyszentimr\u00e9re ker\u00fclt mint v\u00e1lasztott k\u00f6rorvos \u00e9s nyugalomba vonul\u00e1s\u00e1ig ott teljes\u00edtett szolg\u00e1latot. A k\u00f6z\u00e9letben, a kult\u00far\u00e1lis \u00e9s szoci\u00e1lis egyes\u00fcletek munk\u00e1j\u00e1ban tev\u00e9keny r\u00e9szt v\u00e1llalt. <br \/><strong>Irod.:<\/strong> Sz\u00e9kelyf\u00f6ld \u00ed. k<\/br><\/p>\n","protected":false},"excerpt":{"rendered":"<p>Erzs\u00e9betv\u00e1ros, 1870., \u2020\u00a0? : k\u00f6rorvos. \u2013 Tanulm\u00e1nyait Gyulafeh\u00e9rv\u00e1ron \u00e9s B\u00e9csben v\u00e9gezte, doktorr\u00e1 avatt\u00e1sa ut\u00e1n (1898) Sz\u00e9kelykereszt\u00faron kezdte p\u00e1lyafut\u00e1s\u00e1t onnan G\u00f6rg\u00e9nyszentimr\u00e9re ker\u00fclt mint v\u00e1lasztott k\u00f6rorvos \u00e9s nyugalomba vonul\u00e1s\u00e1ig ott teljes\u00edtett szolg\u00e1latot. A k\u00f6z\u00e9letben, a kult\u00far\u00e1lis \u00e9s szoci\u00e1lis egyes\u00fcletek munk\u00e1j\u00e1ban tev\u00e9keny r\u00e9szt v\u00e1llalt. Irod.: Sz\u00e9kelyf\u00f6ld \u00ed. k<\/p>\n","protected":false},"featured_media":0,"comment_status":"open","ping_status":"closed","template":"","meta":[],"product_brand":[],"product_cat":[137],"product_tag":[],"class_list":{"0":"post-7644","1":"product","2":"type-product","3":"status-publish","5":"product_cat-maros-megyei-eletrajzi-lexikon","7":"first","8":"instock","9":"shipping-taxable","10":"product-type-simple"},"_links":{"self":[{"href":"https:\/\/uj.adatbank.ro\/lexikon\/wp-json\/wp\/v2\/product\/7644","targetHints":{"allow":["GET"]}}],"collection":[{"href":"https:\/\/uj.adatbank.ro\/lexikon\/wp-json\/wp\/v2\/product"}],"about":[{"href":"https:\/\/uj.adatbank.ro\/lexikon\/wp-json\/wp\/v2\/types\/product"}],"replies":[{"embeddable":true,"href":"https:\/\/uj.adatbank.ro\/lexikon\/wp-json\/wp\/v2\/comments?post=7644"}],"wp:attachment":[{"href":"https:\/\/uj.adatbank.ro\/lexikon\/wp-json\/wp\/v2\/media?parent=7644"}],"wp:term":[{"taxonomy":"product_brand","embeddable":true,"href":"https:\/\/uj.adatbank.ro\/lexikon\/wp-json\/wp\/v2\/product_brand?post=7644"},{"taxonomy":"product_cat","embeddable":true,"href":"https:\/\/uj.adatbank.ro\/lexikon\/wp-json\/wp\/v2\/product_cat?post=7644"},{"taxonomy":"product_tag","embeddable":true,"href":"https:\/\/uj.adatbank.ro\/lexikon\/wp-json\/wp\/v2\/product_tag?post=7644"}],"curies":[{"name":"wp","href":"https:\/\/api.w.org\/{rel}","templated":true}]}}