{"id":7646,"date":"2025-06-29T09:59:08","date_gmt":"2025-06-29T07:59:08","guid":{"rendered":"https:\/\/uj.adatbank.ro\/lexikon\/termek\/farkas-balazs-borbereki\/"},"modified":"2025-06-29T09:59:08","modified_gmt":"2025-06-29T07:59:08","slug":"farkas-balazs-borbereki","status":"publish","type":"product","link":"https:\/\/uj.adatbank.ro\/lexikon\/termek\/farkas-balazs-borbereki\/","title":{"rendered":"FARKAS Bal\u00e1zs, borbereki"},"content":{"rendered":"<p>1882., \u2020\u00a0? : jog\u00e1sz. \u2013 F. Albert \u00e9s \u00c9ltet\u0151 Katalin fia. Testv\u00e9re: Albert. Feles\u00e9ge: oroszhegyi Gergelyffy Berta (1876.? \u2013 Magyarr\u00e9gen, 1919. j\u00fan. 28.). <br \/><strong>Irod.:<\/strong> B\u00edr\u00f3 Don\u00e1t; Gy\u00e1szjelent\u0151<\/br><\/p>\n","protected":false},"excerpt":{"rendered":"<p>1882., \u2020\u00a0? : jog\u00e1sz. \u2013 F. Albert \u00e9s \u00c9ltet\u0151 Katalin fia. Testv\u00e9re: Albert. Feles\u00e9ge: oroszhegyi Gergelyffy Berta (1876.? \u2013 Magyarr\u00e9gen, 1919. j\u00fan. 28.). Irod.: B\u00edr\u00f3 Don\u00e1t; Gy\u00e1szjelent\u0151<\/p>\n","protected":false},"featured_media":0,"comment_status":"open","ping_status":"closed","template":"","meta":[],"product_brand":[],"product_cat":[137],"product_tag":[],"class_list":{"0":"post-7646","1":"product","2":"type-product","3":"status-publish","5":"product_cat-maros-megyei-eletrajzi-lexikon","7":"first","8":"instock","9":"shipping-taxable","10":"product-type-simple"},"_links":{"self":[{"href":"https:\/\/uj.adatbank.ro\/lexikon\/wp-json\/wp\/v2\/product\/7646","targetHints":{"allow":["GET"]}}],"collection":[{"href":"https:\/\/uj.adatbank.ro\/lexikon\/wp-json\/wp\/v2\/product"}],"about":[{"href":"https:\/\/uj.adatbank.ro\/lexikon\/wp-json\/wp\/v2\/types\/product"}],"replies":[{"embeddable":true,"href":"https:\/\/uj.adatbank.ro\/lexikon\/wp-json\/wp\/v2\/comments?post=7646"}],"wp:attachment":[{"href":"https:\/\/uj.adatbank.ro\/lexikon\/wp-json\/wp\/v2\/media?parent=7646"}],"wp:term":[{"taxonomy":"product_brand","embeddable":true,"href":"https:\/\/uj.adatbank.ro\/lexikon\/wp-json\/wp\/v2\/product_brand?post=7646"},{"taxonomy":"product_cat","embeddable":true,"href":"https:\/\/uj.adatbank.ro\/lexikon\/wp-json\/wp\/v2\/product_cat?post=7646"},{"taxonomy":"product_tag","embeddable":true,"href":"https:\/\/uj.adatbank.ro\/lexikon\/wp-json\/wp\/v2\/product_tag?post=7646"}],"curies":[{"name":"wp","href":"https:\/\/api.w.org\/{rel}","templated":true}]}}