{"id":7647,"date":"2025-06-29T09:59:10","date_gmt":"2025-06-29T07:59:10","guid":{"rendered":"https:\/\/uj.adatbank.ro\/lexikon\/termek\/farkas-bela\/"},"modified":"2025-06-29T09:59:10","modified_gmt":"2025-06-29T07:59:10","slug":"farkas-bela","status":"publish","type":"product","link":"https:\/\/uj.adatbank.ro\/lexikon\/termek\/farkas-bela\/","title":{"rendered":"FARKAS B\u00e9la"},"content":{"rendered":"<p>T\u00f6r\u00f6kfalu, 1903., \u2020 ? : orvos. \u2013 K\u00f6z\u00e9piskol\u00e1t D\u00e9sen, az egyetemet Kv.-on \u00e9s N\u00e9meto.-ban v\u00e9gezte. Mez\u0151panitban k\u00f6rorvos (1942\u2013). <br \/><strong>Irod.:<\/strong> Erd\u00e9lyi v\u00e1rmegy\u00e9k<\/br><\/p>\n","protected":false},"excerpt":{"rendered":"<p>T\u00f6r\u00f6kfalu, 1903., \u2020 ? : orvos. \u2013 K\u00f6z\u00e9piskol\u00e1t D\u00e9sen, az egyetemet Kv.-on \u00e9s N\u00e9meto.-ban v\u00e9gezte. Mez\u0151panitban k\u00f6rorvos (1942\u2013). Irod.: Erd\u00e9lyi v\u00e1rmegy\u00e9k<\/p>\n","protected":false},"featured_media":0,"comment_status":"open","ping_status":"closed","template":"","meta":[],"product_brand":[],"product_cat":[137],"product_tag":[],"class_list":{"0":"post-7647","1":"product","2":"type-product","3":"status-publish","5":"product_cat-maros-megyei-eletrajzi-lexikon","7":"first","8":"instock","9":"shipping-taxable","10":"product-type-simple"},"_links":{"self":[{"href":"https:\/\/uj.adatbank.ro\/lexikon\/wp-json\/wp\/v2\/product\/7647","targetHints":{"allow":["GET"]}}],"collection":[{"href":"https:\/\/uj.adatbank.ro\/lexikon\/wp-json\/wp\/v2\/product"}],"about":[{"href":"https:\/\/uj.adatbank.ro\/lexikon\/wp-json\/wp\/v2\/types\/product"}],"replies":[{"embeddable":true,"href":"https:\/\/uj.adatbank.ro\/lexikon\/wp-json\/wp\/v2\/comments?post=7647"}],"wp:attachment":[{"href":"https:\/\/uj.adatbank.ro\/lexikon\/wp-json\/wp\/v2\/media?parent=7647"}],"wp:term":[{"taxonomy":"product_brand","embeddable":true,"href":"https:\/\/uj.adatbank.ro\/lexikon\/wp-json\/wp\/v2\/product_brand?post=7647"},{"taxonomy":"product_cat","embeddable":true,"href":"https:\/\/uj.adatbank.ro\/lexikon\/wp-json\/wp\/v2\/product_cat?post=7647"},{"taxonomy":"product_tag","embeddable":true,"href":"https:\/\/uj.adatbank.ro\/lexikon\/wp-json\/wp\/v2\/product_tag?post=7647"}],"curies":[{"name":"wp","href":"https:\/\/api.w.org\/{rel}","templated":true}]}}