{"id":7648,"date":"2025-06-29T09:59:12","date_gmt":"2025-06-29T07:59:12","guid":{"rendered":"https:\/\/uj.adatbank.ro\/lexikon\/termek\/farkas-bela-2\/"},"modified":"2025-06-29T09:59:12","modified_gmt":"2025-06-29T07:59:12","slug":"farkas-bela-2","status":"publish","type":"product","link":"https:\/\/uj.adatbank.ro\/lexikon\/termek\/farkas-bela-2\/","title":{"rendered":"FARKAS B\u00e9la"},"content":{"rendered":"<p>Dics\u0151szentm\u00e1rton, ? \u2020 ? : jog\u00e1sz, \u00fcgyv\u00e9d. &#8211; Apja h\u00e1ztulajdonos. \u2013 Tanult Kv.-on \u00e9s a Berlini Egy. Jogtud. Kar\u00e1n (1902-03). Hazat\u00e9r\u00e9se ut\u00e1n \u00fcgyv\u00e9d lett. Szebenben m\u0171k\u00f6d\u00f6tt jogtudork\u00e9n (1910). \u00dcgyv\u00e9d sz\u00fcl\u0151v\u00e1ros\u00e1ban (1924\u2013). <br \/><strong>Irod.:<\/strong> Szab\u00f3\u2013Simon\u2013Sz\u00f6gi<\/br><\/p>\n","protected":false},"excerpt":{"rendered":"<p>Dics\u0151szentm\u00e1rton, ? \u2020 ? : jog\u00e1sz, \u00fcgyv\u00e9d. &#8211; Apja h\u00e1ztulajdonos. \u2013 Tanult Kv.-on \u00e9s a Berlini Egy. Jogtud. Kar\u00e1n (1902-03). Hazat\u00e9r\u00e9se ut\u00e1n \u00fcgyv\u00e9d lett. Szebenben m\u0171k\u00f6d\u00f6tt jogtudork\u00e9n (1910). \u00dcgyv\u00e9d sz\u00fcl\u0151v\u00e1ros\u00e1ban (1924\u2013). Irod.: Szab\u00f3\u2013Simon\u2013Sz\u00f6gi<\/p>\n","protected":false},"featured_media":0,"comment_status":"open","ping_status":"closed","template":"","meta":[],"product_brand":[],"product_cat":[137],"product_tag":[],"class_list":{"0":"post-7648","1":"product","2":"type-product","3":"status-publish","5":"product_cat-maros-megyei-eletrajzi-lexikon","7":"first","8":"instock","9":"shipping-taxable","10":"product-type-simple"},"_links":{"self":[{"href":"https:\/\/uj.adatbank.ro\/lexikon\/wp-json\/wp\/v2\/product\/7648","targetHints":{"allow":["GET"]}}],"collection":[{"href":"https:\/\/uj.adatbank.ro\/lexikon\/wp-json\/wp\/v2\/product"}],"about":[{"href":"https:\/\/uj.adatbank.ro\/lexikon\/wp-json\/wp\/v2\/types\/product"}],"replies":[{"embeddable":true,"href":"https:\/\/uj.adatbank.ro\/lexikon\/wp-json\/wp\/v2\/comments?post=7648"}],"wp:attachment":[{"href":"https:\/\/uj.adatbank.ro\/lexikon\/wp-json\/wp\/v2\/media?parent=7648"}],"wp:term":[{"taxonomy":"product_brand","embeddable":true,"href":"https:\/\/uj.adatbank.ro\/lexikon\/wp-json\/wp\/v2\/product_brand?post=7648"},{"taxonomy":"product_cat","embeddable":true,"href":"https:\/\/uj.adatbank.ro\/lexikon\/wp-json\/wp\/v2\/product_cat?post=7648"},{"taxonomy":"product_tag","embeddable":true,"href":"https:\/\/uj.adatbank.ro\/lexikon\/wp-json\/wp\/v2\/product_tag?post=7648"}],"curies":[{"name":"wp","href":"https:\/\/api.w.org\/{rel}","templated":true}]}}