{"id":7649,"date":"2025-06-29T09:59:14","date_gmt":"2025-06-29T07:59:14","guid":{"rendered":"https:\/\/uj.adatbank.ro\/lexikon\/termek\/farkas-bela-3\/"},"modified":"2025-06-29T09:59:14","modified_gmt":"2025-06-29T07:59:14","slug":"farkas-bela-3","status":"publish","type":"product","link":"https:\/\/uj.adatbank.ro\/lexikon\/termek\/farkas-bela-3\/","title":{"rendered":"FARKAS B\u00e9la"},"content":{"rendered":"<p>Mv., 1866. okt. 17., \u2020 Mv., 1929. m\u00e1j. 10.: sz\u00edn\u00e9sz, igazgat\u00f3. \u2013 V\u00f6lgyi Gy\u00f6rgy t\u00e1rsulat\u00e1ban l\u00e9pett sz\u00ednpadra (1885). H\u00e1rom\u00e9vi katonas\u00e1g ut\u00e1n Dob\u00f3 S\u00e1ndor t\u00e1rsulat\u00e1nak lett tagja (1890). J\u00e1tszott: Sim\u00e1ndy Zsigmond (1892), S\u00e1ghy Zsigmond (1895\u201396), Bokody Antal (1898), G\u00e1sp\u00e1r Jen\u0151 (1900), Mak\u00f3 Lajos (1902-03), N\u00e1dassy J\u00f3zsef (1904-05), Szil\u00e1gyi Dezs\u0151 (1907-08), Balla K\u00e1lm\u00e1n (1909\u201310) t\u00e1rsulat\u00e1ban. Szerepelt szerte a K\u00e1rp\u00e1t medenc\u00e9ben: Facs\u00e1d, Detta, Boks\u00e1nb\u00e1nya, Orsova, St\u00e1jerlak-Anina, Nagyszentmikl\u00f3s, Kisjen\u0151, Br\u00e1d, P\u00e9cska, Pankota, Vil\u00e1gos, Szov\u00e1ta, B\u00e1nffyhunyad, Oravicab\u00e1nya (1919\u201321), a bp.-i N\u00e9psz\u00ednh\u00e1zban is fell\u00e9pett. Nyugalomba vonult (1922). T\u00f6nkremenve, teljes nyomorban, az \u00e1llami k\u00f3rh\u00e1zban halt meg. \u2013 <strong>F. sz.:<\/strong> Pet\u00e1k (Csepreghy Ferenc: A piros bugyel\u00e1ris); Cl\u00e9ante (Moliere: A f\u00f6sv\u00e9ny); Miratol, csend\u0151rkapit\u00e1ny (Varney: A k\u00e9k asszony); Hefterding lelk\u00e9sz (Sudermann: Otthon); Clement Latour gr\u00f3f (Sardou: Odette); Duval Henry (Bisson-Mars: V\u00e1l\u00e1s ut\u00e1n); Schnick b\u00e1r\u00f3 (Zeller: A madar\u00e1sz); br. Szilassy (Farkas Imre: P\u00fcnk\u00f6sdi r\u00f3zsa); Lohonyai t\u00e1bornok (K\u00e1lm\u00e1n-Szirmai: Tat\u00e1rj\u00e1r\u00e1s). <br \/><strong>Irod.:<\/strong> Enyedi; Id\u0151t\u00e1r 3; K\u00f6t\u0151; [Nekrol\u00f3g] (Az Ellenz\u00e9k, 1929. m\u00e1j. 11.); Sch\u00f6pflin<\/br><\/p>\n","protected":false},"excerpt":{"rendered":"<p>Mv., 1866. okt. 17., \u2020 Mv., 1929. m\u00e1j. 10.: sz\u00edn\u00e9sz, igazgat\u00f3. \u2013 V\u00f6lgyi Gy\u00f6rgy t\u00e1rsulat\u00e1ban l\u00e9pett sz\u00ednpadra (1885). H\u00e1rom\u00e9vi katonas\u00e1g ut\u00e1n Dob\u00f3 S\u00e1ndor t\u00e1rsulat\u00e1nak lett tagja (1890). J\u00e1tszott: Sim\u00e1ndy Zsigmond (1892), S\u00e1ghy Zsigmond (1895\u201396), Bokody Antal (1898), G\u00e1sp\u00e1r Jen\u0151 (1900), Mak\u00f3 Lajos (1902-03), N\u00e1dassy J\u00f3zsef (1904-05), Szil\u00e1gyi Dezs\u0151 (1907-08), Balla K\u00e1lm\u00e1n (1909\u201310) t\u00e1rsulat\u00e1ban. Szerepelt szerte [&hellip;]<\/p>\n","protected":false},"featured_media":0,"comment_status":"open","ping_status":"closed","template":"","meta":[],"product_brand":[],"product_cat":[137],"product_tag":[],"class_list":{"0":"post-7649","1":"product","2":"type-product","3":"status-publish","5":"product_cat-maros-megyei-eletrajzi-lexikon","7":"first","8":"instock","9":"shipping-taxable","10":"product-type-simple"},"_links":{"self":[{"href":"https:\/\/uj.adatbank.ro\/lexikon\/wp-json\/wp\/v2\/product\/7649","targetHints":{"allow":["GET"]}}],"collection":[{"href":"https:\/\/uj.adatbank.ro\/lexikon\/wp-json\/wp\/v2\/product"}],"about":[{"href":"https:\/\/uj.adatbank.ro\/lexikon\/wp-json\/wp\/v2\/types\/product"}],"replies":[{"embeddable":true,"href":"https:\/\/uj.adatbank.ro\/lexikon\/wp-json\/wp\/v2\/comments?post=7649"}],"wp:attachment":[{"href":"https:\/\/uj.adatbank.ro\/lexikon\/wp-json\/wp\/v2\/media?parent=7649"}],"wp:term":[{"taxonomy":"product_brand","embeddable":true,"href":"https:\/\/uj.adatbank.ro\/lexikon\/wp-json\/wp\/v2\/product_brand?post=7649"},{"taxonomy":"product_cat","embeddable":true,"href":"https:\/\/uj.adatbank.ro\/lexikon\/wp-json\/wp\/v2\/product_cat?post=7649"},{"taxonomy":"product_tag","embeddable":true,"href":"https:\/\/uj.adatbank.ro\/lexikon\/wp-json\/wp\/v2\/product_tag?post=7649"}],"curies":[{"name":"wp","href":"https:\/\/api.w.org\/{rel}","templated":true}]}}