{"id":7652,"date":"2025-06-29T09:59:19","date_gmt":"2025-06-29T07:59:19","guid":{"rendered":"https:\/\/uj.adatbank.ro\/lexikon\/termek\/farkas-daniel-szentimrei\/"},"modified":"2025-06-29T09:59:19","modified_gmt":"2025-06-29T07:59:19","slug":"farkas-daniel-szentimrei","status":"publish","type":"product","link":"https:\/\/uj.adatbank.ro\/lexikon\/termek\/farkas-daniel-szentimrei\/","title":{"rendered":"FARKAS D\u00e1niel, szentimrei"},"content":{"rendered":"<p>? \u2020\u00a0? : \u00edr\u00f3. \u2013 \u00d6ssze\u00e1ll\u00edtott antol\u00f3gi\u00e1j\u00e1ban valotta \u201eirodalom ter\u00e9n eg\u00e9szen kezd\u0151 vagyok\u201d, a mv.-i Dalk\u00f6rnek aj\u00e1nlotta gy\u0171jtem\u00e9ny\u00e9t, amely t\u00f6rt\u00e9net\u00e9t foglalta k\u00e9t r\u00f6vid \u00edr\u00e1sban \u00f6ssze. \u2013 <strong>F. m.:<\/strong> <strong>antol\u00f3g.:<\/strong> Visszatekint\u00e9s a dalk\u00f6r m\u00faltj\u00e1ra; A Dalk\u00f6r est\u00e9lye = Eml\u00e9kk\u00f6nyv (Mv., 1883). <br \/><strong>Irod.:<\/strong> F\u00fcl\u00f6p\u2013Ferencz<\/br><\/p>\n","protected":false},"excerpt":{"rendered":"<p>? \u2020\u00a0? : \u00edr\u00f3. \u2013 \u00d6ssze\u00e1ll\u00edtott antol\u00f3gi\u00e1j\u00e1ban valotta \u201eirodalom ter\u00e9n eg\u00e9szen kezd\u0151 vagyok\u201d, a mv.-i Dalk\u00f6rnek aj\u00e1nlotta gy\u0171jtem\u00e9ny\u00e9t, amely t\u00f6rt\u00e9net\u00e9t foglalta k\u00e9t r\u00f6vid \u00edr\u00e1sban \u00f6ssze. \u2013 F. m.: antol\u00f3g.: Visszatekint\u00e9s a dalk\u00f6r m\u00faltj\u00e1ra; A Dalk\u00f6r est\u00e9lye = Eml\u00e9kk\u00f6nyv (Mv., 1883). Irod.: F\u00fcl\u00f6p\u2013Ferencz<\/p>\n","protected":false},"featured_media":0,"comment_status":"open","ping_status":"closed","template":"","meta":[],"product_brand":[],"product_cat":[137],"product_tag":[],"class_list":{"0":"post-7652","1":"product","2":"type-product","3":"status-publish","5":"product_cat-maros-megyei-eletrajzi-lexikon","7":"first","8":"instock","9":"shipping-taxable","10":"product-type-simple"},"_links":{"self":[{"href":"https:\/\/uj.adatbank.ro\/lexikon\/wp-json\/wp\/v2\/product\/7652","targetHints":{"allow":["GET"]}}],"collection":[{"href":"https:\/\/uj.adatbank.ro\/lexikon\/wp-json\/wp\/v2\/product"}],"about":[{"href":"https:\/\/uj.adatbank.ro\/lexikon\/wp-json\/wp\/v2\/types\/product"}],"replies":[{"embeddable":true,"href":"https:\/\/uj.adatbank.ro\/lexikon\/wp-json\/wp\/v2\/comments?post=7652"}],"wp:attachment":[{"href":"https:\/\/uj.adatbank.ro\/lexikon\/wp-json\/wp\/v2\/media?parent=7652"}],"wp:term":[{"taxonomy":"product_brand","embeddable":true,"href":"https:\/\/uj.adatbank.ro\/lexikon\/wp-json\/wp\/v2\/product_brand?post=7652"},{"taxonomy":"product_cat","embeddable":true,"href":"https:\/\/uj.adatbank.ro\/lexikon\/wp-json\/wp\/v2\/product_cat?post=7652"},{"taxonomy":"product_tag","embeddable":true,"href":"https:\/\/uj.adatbank.ro\/lexikon\/wp-json\/wp\/v2\/product_tag?post=7652"}],"curies":[{"name":"wp","href":"https:\/\/api.w.org\/{rel}","templated":true}]}}