{"id":7654,"date":"2025-06-29T09:59:23","date_gmt":"2025-06-29T07:59:23","guid":{"rendered":"https:\/\/uj.adatbank.ro\/lexikon\/termek\/farkas-demeter\/"},"modified":"2025-06-29T09:59:23","modified_gmt":"2025-06-29T07:59:23","slug":"farkas-demeter","status":"publish","type":"product","link":"https:\/\/uj.adatbank.ro\/lexikon\/termek\/farkas-demeter\/","title":{"rendered":"FARKAS Demeter"},"content":{"rendered":"<p>? \u2020\u00a0? : ort. pap. \u2013 Vajdaszentiv\u00e1nban sok ut\u00e1nj\u00e1r\u00e1ssal \u00e9s neh\u00e9zs\u00e9ggel \u00faj templomot \u00e9p\u00edttetett Rosca Anahel, gyulafeh\u00e9rv\u00e1ri v\u00e1llalkoz\u00f3 tervei alapj\u00e1n (1930-as \u00e9vekben). <br \/><strong>Irod.:<\/strong> Reghin, Protopopiat<\/br><\/p>\n","protected":false},"excerpt":{"rendered":"<p>? \u2020\u00a0? : ort. pap. \u2013 Vajdaszentiv\u00e1nban sok ut\u00e1nj\u00e1r\u00e1ssal \u00e9s neh\u00e9zs\u00e9ggel \u00faj templomot \u00e9p\u00edttetett Rosca Anahel, gyulafeh\u00e9rv\u00e1ri v\u00e1llalkoz\u00f3 tervei alapj\u00e1n (1930-as \u00e9vekben). Irod.: Reghin, Protopopiat<\/p>\n","protected":false},"featured_media":0,"comment_status":"open","ping_status":"closed","template":"","meta":[],"product_brand":[],"product_cat":[137],"product_tag":[],"class_list":{"0":"post-7654","1":"product","2":"type-product","3":"status-publish","5":"product_cat-maros-megyei-eletrajzi-lexikon","7":"first","8":"instock","9":"shipping-taxable","10":"product-type-simple"},"_links":{"self":[{"href":"https:\/\/uj.adatbank.ro\/lexikon\/wp-json\/wp\/v2\/product\/7654","targetHints":{"allow":["GET"]}}],"collection":[{"href":"https:\/\/uj.adatbank.ro\/lexikon\/wp-json\/wp\/v2\/product"}],"about":[{"href":"https:\/\/uj.adatbank.ro\/lexikon\/wp-json\/wp\/v2\/types\/product"}],"replies":[{"embeddable":true,"href":"https:\/\/uj.adatbank.ro\/lexikon\/wp-json\/wp\/v2\/comments?post=7654"}],"wp:attachment":[{"href":"https:\/\/uj.adatbank.ro\/lexikon\/wp-json\/wp\/v2\/media?parent=7654"}],"wp:term":[{"taxonomy":"product_brand","embeddable":true,"href":"https:\/\/uj.adatbank.ro\/lexikon\/wp-json\/wp\/v2\/product_brand?post=7654"},{"taxonomy":"product_cat","embeddable":true,"href":"https:\/\/uj.adatbank.ro\/lexikon\/wp-json\/wp\/v2\/product_cat?post=7654"},{"taxonomy":"product_tag","embeddable":true,"href":"https:\/\/uj.adatbank.ro\/lexikon\/wp-json\/wp\/v2\/product_tag?post=7654"}],"curies":[{"name":"wp","href":"https:\/\/api.w.org\/{rel}","templated":true}]}}