{"id":7656,"date":"2025-06-29T09:59:28","date_gmt":"2025-06-29T07:59:28","guid":{"rendered":"https:\/\/uj.adatbank.ro\/lexikon\/termek\/farkas-elek-borbatvizi\/"},"modified":"2025-06-29T09:59:28","modified_gmt":"2025-06-29T07:59:28","slug":"farkas-elek-borbatvizi","status":"publish","type":"product","link":"https:\/\/uj.adatbank.ro\/lexikon\/termek\/farkas-elek-borbatvizi\/","title":{"rendered":"FARKAS Elek, borb\u00e1tvizi"},"content":{"rendered":"<p>? \u2020\u00a0Mv., 1884. jan. 30.: lev\u00e9lt\u00e1ros. \u2013 Val\u00f3sz\u00edn\u0171 F. Lajos \u00e9s G\u00f6r\u00f6g R\u00e1khel (1801.? \u2013 Mv., 1866. m\u00e1j. 31.) fia. Feles\u00e9ge Kabos Ter\u00e9z. Gyermekeik: Mikl\u00f3s, Ilona, Ant\u00f3nia. \u2013 F\u0151jegyz\u0151 Mv.-en a meg\u00faj\u00edtott tan\u00e1cs\u00e1ban (1849. m\u00e1rc.). Kir. hivatalos az erd\u00e9lyi 1848. \u00e9vi utols\u00f3 rendi ogy.-en (Kv., 1848. m\u00e1j. 29. -j\u00fal. 18.). A KMTT tagja (1875). <br \/><strong>Irod.:<\/strong> Egyed \u00c1.: Erd\u00e9ly 1848. ogy.; KMTT; Gy\u00e1szjelent\u0151; P\u00e1l-Antal<\/br><\/p>\n","protected":false},"excerpt":{"rendered":"<p>? \u2020\u00a0Mv., 1884. jan. 30.: lev\u00e9lt\u00e1ros. \u2013 Val\u00f3sz\u00edn\u0171 F. Lajos \u00e9s G\u00f6r\u00f6g R\u00e1khel (1801.? \u2013 Mv., 1866. m\u00e1j. 31.) fia. Feles\u00e9ge Kabos Ter\u00e9z. Gyermekeik: Mikl\u00f3s, Ilona, Ant\u00f3nia. \u2013 F\u0151jegyz\u0151 Mv.-en a meg\u00faj\u00edtott tan\u00e1cs\u00e1ban (1849. m\u00e1rc.). Kir. hivatalos az erd\u00e9lyi 1848. \u00e9vi utols\u00f3 rendi ogy.-en (Kv., 1848. m\u00e1j. 29. -j\u00fal. 18.). A KMTT tagja (1875). Irod.: [&hellip;]<\/p>\n","protected":false},"featured_media":0,"comment_status":"open","ping_status":"closed","template":"","meta":[],"product_brand":[],"product_cat":[137],"product_tag":[],"class_list":{"0":"post-7656","1":"product","2":"type-product","3":"status-publish","5":"product_cat-maros-megyei-eletrajzi-lexikon","7":"first","8":"instock","9":"shipping-taxable","10":"product-type-simple"},"_links":{"self":[{"href":"https:\/\/uj.adatbank.ro\/lexikon\/wp-json\/wp\/v2\/product\/7656","targetHints":{"allow":["GET"]}}],"collection":[{"href":"https:\/\/uj.adatbank.ro\/lexikon\/wp-json\/wp\/v2\/product"}],"about":[{"href":"https:\/\/uj.adatbank.ro\/lexikon\/wp-json\/wp\/v2\/types\/product"}],"replies":[{"embeddable":true,"href":"https:\/\/uj.adatbank.ro\/lexikon\/wp-json\/wp\/v2\/comments?post=7656"}],"wp:attachment":[{"href":"https:\/\/uj.adatbank.ro\/lexikon\/wp-json\/wp\/v2\/media?parent=7656"}],"wp:term":[{"taxonomy":"product_brand","embeddable":true,"href":"https:\/\/uj.adatbank.ro\/lexikon\/wp-json\/wp\/v2\/product_brand?post=7656"},{"taxonomy":"product_cat","embeddable":true,"href":"https:\/\/uj.adatbank.ro\/lexikon\/wp-json\/wp\/v2\/product_cat?post=7656"},{"taxonomy":"product_tag","embeddable":true,"href":"https:\/\/uj.adatbank.ro\/lexikon\/wp-json\/wp\/v2\/product_tag?post=7656"}],"curies":[{"name":"wp","href":"https:\/\/api.w.org\/{rel}","templated":true}]}}