{"id":7658,"date":"2025-06-29T09:59:31","date_gmt":"2025-06-29T07:59:31","guid":{"rendered":"https:\/\/uj.adatbank.ro\/lexikon\/termek\/farkas-eva\/"},"modified":"2025-06-29T09:59:31","modified_gmt":"2025-06-29T07:59:31","slug":"farkas-eva","status":"publish","type":"product","link":"https:\/\/uj.adatbank.ro\/lexikon\/termek\/farkas-eva\/","title":{"rendered":"FARKAS \u00c9va"},"content":{"rendered":"<p>1935. \u2020 Mv., 2021. nov. 25.: sportol\u00f3. \u2013 Gyorskorcsoly\u00e1z\u00f3, edz\u0151, orsz\u00e1gos bajnok. <br \/><strong>Irod.:<\/strong> Nekrol\u00f3g-(N\u00fa., 2021. dec. 2.)<\/br><\/p>\n","protected":false},"excerpt":{"rendered":"<p>1935. \u2020 Mv., 2021. nov. 25.: sportol\u00f3. \u2013 Gyorskorcsoly\u00e1z\u00f3, edz\u0151, orsz\u00e1gos bajnok. Irod.: Nekrol\u00f3g-(N\u00fa., 2021. dec. 2.)<\/p>\n","protected":false},"featured_media":0,"comment_status":"open","ping_status":"closed","template":"","meta":[],"product_brand":[],"product_cat":[137],"product_tag":[],"class_list":{"0":"post-7658","1":"product","2":"type-product","3":"status-publish","5":"product_cat-maros-megyei-eletrajzi-lexikon","7":"first","8":"instock","9":"shipping-taxable","10":"product-type-simple"},"_links":{"self":[{"href":"https:\/\/uj.adatbank.ro\/lexikon\/wp-json\/wp\/v2\/product\/7658","targetHints":{"allow":["GET"]}}],"collection":[{"href":"https:\/\/uj.adatbank.ro\/lexikon\/wp-json\/wp\/v2\/product"}],"about":[{"href":"https:\/\/uj.adatbank.ro\/lexikon\/wp-json\/wp\/v2\/types\/product"}],"replies":[{"embeddable":true,"href":"https:\/\/uj.adatbank.ro\/lexikon\/wp-json\/wp\/v2\/comments?post=7658"}],"wp:attachment":[{"href":"https:\/\/uj.adatbank.ro\/lexikon\/wp-json\/wp\/v2\/media?parent=7658"}],"wp:term":[{"taxonomy":"product_brand","embeddable":true,"href":"https:\/\/uj.adatbank.ro\/lexikon\/wp-json\/wp\/v2\/product_brand?post=7658"},{"taxonomy":"product_cat","embeddable":true,"href":"https:\/\/uj.adatbank.ro\/lexikon\/wp-json\/wp\/v2\/product_cat?post=7658"},{"taxonomy":"product_tag","embeddable":true,"href":"https:\/\/uj.adatbank.ro\/lexikon\/wp-json\/wp\/v2\/product_tag?post=7658"}],"curies":[{"name":"wp","href":"https:\/\/api.w.org\/{rel}","templated":true}]}}