{"id":7660,"date":"2025-06-29T09:59:36","date_gmt":"2025-06-29T07:59:36","guid":{"rendered":"https:\/\/uj.adatbank.ro\/lexikon\/termek\/farkas-ferenc-2\/"},"modified":"2025-06-29T09:59:36","modified_gmt":"2025-06-29T07:59:36","slug":"farkas-ferenc-2","status":"publish","type":"product","link":"https:\/\/uj.adatbank.ro\/lexikon\/termek\/farkas-ferenc-2\/","title":{"rendered":"FARKAS Ferenc"},"content":{"rendered":"<p>? \u2020 ? : ref. lelk\u00e9sz. \u2013 Torboszl\u00f3 els\u0151 lelk\u00e9sze, a Ny\u00e1r\u00e1szentimr\u00e9t\u0151l val\u00f3 elszakad\u00e1s ut\u00e1n (1793. j\u00fan. 11.). <br \/><strong>Irod.:<\/strong> Torboszl\u00f3<\/br><\/p>\n","protected":false},"excerpt":{"rendered":"<p>? \u2020 ? : ref. lelk\u00e9sz. \u2013 Torboszl\u00f3 els\u0151 lelk\u00e9sze, a Ny\u00e1r\u00e1szentimr\u00e9t\u0151l val\u00f3 elszakad\u00e1s ut\u00e1n (1793. j\u00fan. 11.). Irod.: Torboszl\u00f3<\/p>\n","protected":false},"featured_media":0,"comment_status":"open","ping_status":"closed","template":"","meta":[],"product_brand":[],"product_cat":[137],"product_tag":[],"class_list":{"0":"post-7660","1":"product","2":"type-product","3":"status-publish","5":"product_cat-maros-megyei-eletrajzi-lexikon","7":"first","8":"instock","9":"shipping-taxable","10":"product-type-simple"},"_links":{"self":[{"href":"https:\/\/uj.adatbank.ro\/lexikon\/wp-json\/wp\/v2\/product\/7660","targetHints":{"allow":["GET"]}}],"collection":[{"href":"https:\/\/uj.adatbank.ro\/lexikon\/wp-json\/wp\/v2\/product"}],"about":[{"href":"https:\/\/uj.adatbank.ro\/lexikon\/wp-json\/wp\/v2\/types\/product"}],"replies":[{"embeddable":true,"href":"https:\/\/uj.adatbank.ro\/lexikon\/wp-json\/wp\/v2\/comments?post=7660"}],"wp:attachment":[{"href":"https:\/\/uj.adatbank.ro\/lexikon\/wp-json\/wp\/v2\/media?parent=7660"}],"wp:term":[{"taxonomy":"product_brand","embeddable":true,"href":"https:\/\/uj.adatbank.ro\/lexikon\/wp-json\/wp\/v2\/product_brand?post=7660"},{"taxonomy":"product_cat","embeddable":true,"href":"https:\/\/uj.adatbank.ro\/lexikon\/wp-json\/wp\/v2\/product_cat?post=7660"},{"taxonomy":"product_tag","embeddable":true,"href":"https:\/\/uj.adatbank.ro\/lexikon\/wp-json\/wp\/v2\/product_tag?post=7660"}],"curies":[{"name":"wp","href":"https:\/\/api.w.org\/{rel}","templated":true}]}}