{"id":7669,"date":"2025-06-29T09:59:51","date_gmt":"2025-06-29T07:59:51","guid":{"rendered":"https:\/\/uj.adatbank.ro\/lexikon\/termek\/farkas-gizella-borbereki-apor-jozsefne\/"},"modified":"2025-06-29T09:59:51","modified_gmt":"2025-06-29T07:59:51","slug":"farkas-gizella-borbereki-apor-jozsefne","status":"publish","type":"product","link":"https:\/\/uj.adatbank.ro\/lexikon\/termek\/farkas-gizella-borbereki-apor-jozsefne\/","title":{"rendered":"FARKAS Gizella, borbereki, Apor J\u00f3zsefn\u00e9"},"content":{"rendered":"<p>Dedr\u00e1dsz\u00e9plak, 1892. dec. 1. \u2020 Mv., 1962.: f\u00f6ldbirtokos, a kat. n\u0151egylet eln\u00f6ke. \u2013 F. J\u00f3zsef \u00e9s m\u00e1jai Albert Emma le\u00e1nya. Esk\u00fcv\u0151 Apor J\u00f3zseffel: Dedr\u00e1dsz\u00e9plak, 1913. szept. 12. \u2013 A Katolikus Misszi\u00f3 T\u00e1rsulat \u00fajra v\u00e1lasztotta eln\u00f6knek (1939). <br \/><strong>Irod.:<\/strong> Gudenus; Id\u0151t\u00e1r 3<\/br><\/p>\n","protected":false},"excerpt":{"rendered":"<p>Dedr\u00e1dsz\u00e9plak, 1892. dec. 1. \u2020 Mv., 1962.: f\u00f6ldbirtokos, a kat. n\u0151egylet eln\u00f6ke. \u2013 F. J\u00f3zsef \u00e9s m\u00e1jai Albert Emma le\u00e1nya. Esk\u00fcv\u0151 Apor J\u00f3zseffel: Dedr\u00e1dsz\u00e9plak, 1913. szept. 12. \u2013 A Katolikus Misszi\u00f3 T\u00e1rsulat \u00fajra v\u00e1lasztotta eln\u00f6knek (1939). Irod.: Gudenus; Id\u0151t\u00e1r 3<\/p>\n","protected":false},"featured_media":0,"comment_status":"open","ping_status":"closed","template":"","meta":[],"product_brand":[],"product_cat":[137],"product_tag":[],"class_list":{"0":"post-7669","1":"product","2":"type-product","3":"status-publish","5":"product_cat-maros-megyei-eletrajzi-lexikon","7":"first","8":"instock","9":"shipping-taxable","10":"product-type-simple"},"_links":{"self":[{"href":"https:\/\/uj.adatbank.ro\/lexikon\/wp-json\/wp\/v2\/product\/7669","targetHints":{"allow":["GET"]}}],"collection":[{"href":"https:\/\/uj.adatbank.ro\/lexikon\/wp-json\/wp\/v2\/product"}],"about":[{"href":"https:\/\/uj.adatbank.ro\/lexikon\/wp-json\/wp\/v2\/types\/product"}],"replies":[{"embeddable":true,"href":"https:\/\/uj.adatbank.ro\/lexikon\/wp-json\/wp\/v2\/comments?post=7669"}],"wp:attachment":[{"href":"https:\/\/uj.adatbank.ro\/lexikon\/wp-json\/wp\/v2\/media?parent=7669"}],"wp:term":[{"taxonomy":"product_brand","embeddable":true,"href":"https:\/\/uj.adatbank.ro\/lexikon\/wp-json\/wp\/v2\/product_brand?post=7669"},{"taxonomy":"product_cat","embeddable":true,"href":"https:\/\/uj.adatbank.ro\/lexikon\/wp-json\/wp\/v2\/product_cat?post=7669"},{"taxonomy":"product_tag","embeddable":true,"href":"https:\/\/uj.adatbank.ro\/lexikon\/wp-json\/wp\/v2\/product_tag?post=7669"}],"curies":[{"name":"wp","href":"https:\/\/api.w.org\/{rel}","templated":true}]}}