{"id":7672,"date":"2025-06-29T09:59:59","date_gmt":"2025-06-29T07:59:59","guid":{"rendered":"https:\/\/uj.adatbank.ro\/lexikon\/termek\/farkas-gyorgy-3\/"},"modified":"2025-06-29T09:59:59","modified_gmt":"2025-06-29T07:59:59","slug":"farkas-gyorgy-3","status":"publish","type":"product","link":"https:\/\/uj.adatbank.ro\/lexikon\/termek\/farkas-gyorgy-3\/","title":{"rendered":"FARKAS Gy\u00f6rgy"},"content":{"rendered":"<p>1892.? \u2020\u00a01914. nov. 23.: joghallgat\u00f3, k\u00e1pl\u00e1r. \u2013 Oroszlengyelorsz\u00e1gban, a Nowa-Vics melletti \u00fctk\u00f6zetben h\u0151si hal\u00e1lt halt. <br \/><strong>Irod.:<\/strong> Gy\u00e1szjelent\u0151<\/br><\/p>\n","protected":false},"excerpt":{"rendered":"<p>1892.? \u2020\u00a01914. nov. 23.: joghallgat\u00f3, k\u00e1pl\u00e1r. \u2013 Oroszlengyelorsz\u00e1gban, a Nowa-Vics melletti \u00fctk\u00f6zetben h\u0151si hal\u00e1lt halt. Irod.: Gy\u00e1szjelent\u0151<\/p>\n","protected":false},"featured_media":0,"comment_status":"open","ping_status":"closed","template":"","meta":[],"product_brand":[],"product_cat":[137],"product_tag":[],"class_list":{"0":"post-7672","1":"product","2":"type-product","3":"status-publish","5":"product_cat-maros-megyei-eletrajzi-lexikon","7":"first","8":"instock","9":"shipping-taxable","10":"product-type-simple"},"_links":{"self":[{"href":"https:\/\/uj.adatbank.ro\/lexikon\/wp-json\/wp\/v2\/product\/7672","targetHints":{"allow":["GET"]}}],"collection":[{"href":"https:\/\/uj.adatbank.ro\/lexikon\/wp-json\/wp\/v2\/product"}],"about":[{"href":"https:\/\/uj.adatbank.ro\/lexikon\/wp-json\/wp\/v2\/types\/product"}],"replies":[{"embeddable":true,"href":"https:\/\/uj.adatbank.ro\/lexikon\/wp-json\/wp\/v2\/comments?post=7672"}],"wp:attachment":[{"href":"https:\/\/uj.adatbank.ro\/lexikon\/wp-json\/wp\/v2\/media?parent=7672"}],"wp:term":[{"taxonomy":"product_brand","embeddable":true,"href":"https:\/\/uj.adatbank.ro\/lexikon\/wp-json\/wp\/v2\/product_brand?post=7672"},{"taxonomy":"product_cat","embeddable":true,"href":"https:\/\/uj.adatbank.ro\/lexikon\/wp-json\/wp\/v2\/product_cat?post=7672"},{"taxonomy":"product_tag","embeddable":true,"href":"https:\/\/uj.adatbank.ro\/lexikon\/wp-json\/wp\/v2\/product_tag?post=7672"}],"curies":[{"name":"wp","href":"https:\/\/api.w.org\/{rel}","templated":true}]}}