{"id":7676,"date":"2025-06-29T10:00:05","date_gmt":"2025-06-29T08:00:05","guid":{"rendered":"https:\/\/uj.adatbank.ro\/lexikon\/termek\/farkas-imre-janos\/"},"modified":"2025-06-29T10:00:05","modified_gmt":"2025-06-29T08:00:05","slug":"farkas-imre-janos","status":"publish","type":"product","link":"https:\/\/uj.adatbank.ro\/lexikon\/termek\/farkas-imre-janos\/","title":{"rendered":"FARKAS Imre J\u00e1nos"},"content":{"rendered":"<p>Bp., 1924. nov. 13., \u2020\u00a0Mv., 1993. febr. 5.: egyetemi el\u0151ad\u00f3tan\u00e1r, kutat\u00f3. \u2013 Brass\u00f3ban a Dr. Ion Me\u015fota Lic.-ban tanult (1935\u201340), majd a Sz\u00e9kely Mik\u00f3 Koll.-ban Sepsiszentgy\u00f6rgy\u00f6n (1940\u201343). Orvosi diplom\u00e1j\u00e1t a MOGYI. -n szerezte (1945\u201361). Doktor\u00e1lt (1967). K\u00f6rorvos Mez\u0151paniton (1951\u201353), R\u00e1koson (1953\u201354), Cs\u00edk rajoni f\u0151orvos (1954\u201356). A MOGYI-n az Eg\u00e9szs\u00e9g\u00fcgyi Szervez\u00e9s tansz\u00e9k laborf\u00f6n\u00f6ke (1956\u201357), egyetemi tan\u00e1rseg\u00e9d (1957\u201365), adjunktus, az Eg\u00e9szs\u00e9g\u00fcgyi Szervez\u00e9si Tansz\u00e9k vezet\u0151je (1965\u201380), egyetemi el\u0151ad\u00f3tan\u00e1r (1980\u201391). Kutat\u00e1si ter\u00fclete: t\u00e1rsadalmi orvostudom\u00e1ny (medicina sociala), biostatisztika, orvosi informatika. T\u00f6bb mint 300 dolgozata jelent meg hazai \u00e9s k\u00fclf\u00f6ldi szakkiadv\u00e1nyokban, foly\u00f3iratokban: Igaz Sz\u00f3, Orvostudom\u00e1nyi \u00c9rtes\u00edt\u0151, Via\u0163a Medical\u0103, Korunk f\u00fczetek, Eml\u00e9kek, Revista Medical\u0103 stb. Tanulm\u00e1nyuton volt N\u00e9meto.-ban (1971, 1990). Tagja volt az International Hospital Federation, Soc. Internationalis Medicinae Generalis, Biometrie Soc., Union International pour Education Sanitaire, American Public Healt Assoc., Operations Research Soc., Soc. International de Defense Sociale t\u00e1rsas\u00e1goknak. Kit\u00fcntet\u00e9se: 50 Diploma Aureum \u00e9rdemoklel\u00e9v\u00e9l (1998). \u2013 <strong>F. m.:<\/strong> Medicin\u0103 social\u0103 (TgM, 1973.); Statistica medical\u0103: lucr\u0103ri practice vol. 1\u20132 (TgM, 1975, 1978); <strong>t\u00e1rssz.:<\/strong> Vademecum Medicii Generalis (1969); Formulae magistralis (Ajtai Mih\u00e1llyal; TgM., 1978, 1979, 1982, 1986); Orvosl\u00e1s a XX. sz. v\u00e9g\u00e9n (Kv., 1983); Vademecum Medicii Generalis (Farkas Evelynnel, TgM, 1987); Curs de medicin\u0103 social\u0103 (Farkas Evelynnel, TgM, 1988); \u00cendreptar de lucr\u0103ri practice \u00een medicina social\u0103 (Farkas Evelynnel, TgM., 1989). <br \/><strong>Irod.:<\/strong> Genersich; EMKK; [Nekrol\u00f3g] N\u00fa., 1993. febr. 9.); Barab\u00e1s-P\u00e9ter M.\u2013P\u00e9ter H. M.; Kiss\u2013P\u00e9terffy\u2013P\u00e9terffy; RMKK; Sz\u00f6ll\u0151si 2009; Todea\u2013F\u00fcl\u00f6p\u2013Avram<\/br><\/p>\n","protected":false},"excerpt":{"rendered":"<p>Bp., 1924. nov. 13., \u2020\u00a0Mv., 1993. febr. 5.: egyetemi el\u0151ad\u00f3tan\u00e1r, kutat\u00f3. \u2013 Brass\u00f3ban a Dr. Ion Me\u015fota Lic.-ban tanult (1935\u201340), majd a Sz\u00e9kely Mik\u00f3 Koll.-ban Sepsiszentgy\u00f6rgy\u00f6n (1940\u201343). Orvosi diplom\u00e1j\u00e1t a MOGYI. -n szerezte (1945\u201361). Doktor\u00e1lt (1967). K\u00f6rorvos Mez\u0151paniton (1951\u201353), R\u00e1koson (1953\u201354), Cs\u00edk rajoni f\u0151orvos (1954\u201356). A MOGYI-n az Eg\u00e9szs\u00e9g\u00fcgyi Szervez\u00e9s tansz\u00e9k laborf\u00f6n\u00f6ke (1956\u201357), egyetemi tan\u00e1rseg\u00e9d [&hellip;]<\/p>\n","protected":false},"featured_media":0,"comment_status":"open","ping_status":"closed","template":"","meta":[],"product_brand":[],"product_cat":[137],"product_tag":[],"class_list":{"0":"post-7676","1":"product","2":"type-product","3":"status-publish","5":"product_cat-maros-megyei-eletrajzi-lexikon","7":"first","8":"instock","9":"shipping-taxable","10":"product-type-simple"},"_links":{"self":[{"href":"https:\/\/uj.adatbank.ro\/lexikon\/wp-json\/wp\/v2\/product\/7676","targetHints":{"allow":["GET"]}}],"collection":[{"href":"https:\/\/uj.adatbank.ro\/lexikon\/wp-json\/wp\/v2\/product"}],"about":[{"href":"https:\/\/uj.adatbank.ro\/lexikon\/wp-json\/wp\/v2\/types\/product"}],"replies":[{"embeddable":true,"href":"https:\/\/uj.adatbank.ro\/lexikon\/wp-json\/wp\/v2\/comments?post=7676"}],"wp:attachment":[{"href":"https:\/\/uj.adatbank.ro\/lexikon\/wp-json\/wp\/v2\/media?parent=7676"}],"wp:term":[{"taxonomy":"product_brand","embeddable":true,"href":"https:\/\/uj.adatbank.ro\/lexikon\/wp-json\/wp\/v2\/product_brand?post=7676"},{"taxonomy":"product_cat","embeddable":true,"href":"https:\/\/uj.adatbank.ro\/lexikon\/wp-json\/wp\/v2\/product_cat?post=7676"},{"taxonomy":"product_tag","embeddable":true,"href":"https:\/\/uj.adatbank.ro\/lexikon\/wp-json\/wp\/v2\/product_tag?post=7676"}],"curies":[{"name":"wp","href":"https:\/\/api.w.org\/{rel}","templated":true}]}}