{"id":7688,"date":"2025-06-29T10:00:27","date_gmt":"2025-06-29T08:00:27","guid":{"rendered":"https:\/\/uj.adatbank.ro\/lexikon\/termek\/farkas-jozsef\/"},"modified":"2025-06-29T10:00:27","modified_gmt":"2025-06-29T08:00:27","slug":"farkas-jozsef","status":"publish","type":"product","link":"https:\/\/uj.adatbank.ro\/lexikon\/termek\/farkas-jozsef\/","title":{"rendered":"FARKAS J\u00f3zsef"},"content":{"rendered":"<p>? \u2020\u00a0? : aljegyz\u0151. \u2013 Maros megye alisp\u00e1ni hivatal\u00e1ban aljegyz\u0151 (1849. m\u00e1j.), marossz\u00e9ki jegyz\u0151 (1850). <br \/><strong>Irod.:<\/strong> 1848\u20131849 Marossz\u00e9k; P\u00e1l-Antal; P\u00e1l-Antal 2002; \u00dcrm\u00f6ssy Lajos: Tizenh\u00e9t \u00e9v Erd\u00e9ly t\u00f6rt\u00e9net\u00e9b\u0151l 1849\u20131866 (Temesv\u00e1r, 1894)<\/br><\/p>\n","protected":false},"excerpt":{"rendered":"<p>? \u2020\u00a0? : aljegyz\u0151. \u2013 Maros megye alisp\u00e1ni hivatal\u00e1ban aljegyz\u0151 (1849. m\u00e1j.), marossz\u00e9ki jegyz\u0151 (1850). Irod.: 1848\u20131849 Marossz\u00e9k; P\u00e1l-Antal; P\u00e1l-Antal 2002; \u00dcrm\u00f6ssy Lajos: Tizenh\u00e9t \u00e9v Erd\u00e9ly t\u00f6rt\u00e9net\u00e9b\u0151l 1849\u20131866 (Temesv\u00e1r, 1894)<\/p>\n","protected":false},"featured_media":0,"comment_status":"open","ping_status":"closed","template":"","meta":[],"product_brand":[],"product_cat":[137],"product_tag":[],"class_list":{"0":"post-7688","1":"product","2":"type-product","3":"status-publish","5":"product_cat-maros-megyei-eletrajzi-lexikon","7":"first","8":"instock","9":"shipping-taxable","10":"product-type-simple"},"_links":{"self":[{"href":"https:\/\/uj.adatbank.ro\/lexikon\/wp-json\/wp\/v2\/product\/7688","targetHints":{"allow":["GET"]}}],"collection":[{"href":"https:\/\/uj.adatbank.ro\/lexikon\/wp-json\/wp\/v2\/product"}],"about":[{"href":"https:\/\/uj.adatbank.ro\/lexikon\/wp-json\/wp\/v2\/types\/product"}],"replies":[{"embeddable":true,"href":"https:\/\/uj.adatbank.ro\/lexikon\/wp-json\/wp\/v2\/comments?post=7688"}],"wp:attachment":[{"href":"https:\/\/uj.adatbank.ro\/lexikon\/wp-json\/wp\/v2\/media?parent=7688"}],"wp:term":[{"taxonomy":"product_brand","embeddable":true,"href":"https:\/\/uj.adatbank.ro\/lexikon\/wp-json\/wp\/v2\/product_brand?post=7688"},{"taxonomy":"product_cat","embeddable":true,"href":"https:\/\/uj.adatbank.ro\/lexikon\/wp-json\/wp\/v2\/product_cat?post=7688"},{"taxonomy":"product_tag","embeddable":true,"href":"https:\/\/uj.adatbank.ro\/lexikon\/wp-json\/wp\/v2\/product_tag?post=7688"}],"curies":[{"name":"wp","href":"https:\/\/api.w.org\/{rel}","templated":true}]}}