{"id":7691,"date":"2025-06-29T10:00:38","date_gmt":"2025-06-29T08:00:38","guid":{"rendered":"https:\/\/uj.adatbank.ro\/lexikon\/termek\/farkas-jozsef-4\/"},"modified":"2025-06-29T10:00:38","modified_gmt":"2025-06-29T08:00:38","slug":"farkas-jozsef-4","status":"publish","type":"product","link":"https:\/\/uj.adatbank.ro\/lexikon\/termek\/farkas-jozsef-4\/","title":{"rendered":"FARKAS J\u00f3zsef"},"content":{"rendered":"<p>? \u2020\u00a0? : k\u00f6lt\u0151. \u2013 Az els\u0151 vers\u00e9t Mv.-en a k\u00f3rh\u00e1zi \u00e1gy\u00e1n (1922), az utols\u00f3t a besszar\u00e1biai Chirov\u00e1ban (1940) a l\u00f6v\u00e9sz\u00e1rokban \u00edrta. Versei keltez\u00e9se szerint \u00e9lt Brass\u00f3ban (1925\u201326), Cs\u00edkszered\u00e1n, a F\u0103lticeni-i kasz\u00e1rny\u00e1ban, Mv.-en, Segesv\u00e1rt, Szatm\u00e1rn\u00e9metiben. \u2013 <strong>F. m.:<\/strong> Sz\u00ednfoltok \u00e9letemb\u0151l (Mv., 1941). <br \/><strong>Irod.:<\/strong> Guly\u00e1s<\/br><\/p>\n","protected":false},"excerpt":{"rendered":"<p>? \u2020\u00a0? : k\u00f6lt\u0151. \u2013 Az els\u0151 vers\u00e9t Mv.-en a k\u00f3rh\u00e1zi \u00e1gy\u00e1n (1922), az utols\u00f3t a besszar\u00e1biai Chirov\u00e1ban (1940) a l\u00f6v\u00e9sz\u00e1rokban \u00edrta. Versei keltez\u00e9se szerint \u00e9lt Brass\u00f3ban (1925\u201326), Cs\u00edkszered\u00e1n, a F\u0103lticeni-i kasz\u00e1rny\u00e1ban, Mv.-en, Segesv\u00e1rt, Szatm\u00e1rn\u00e9metiben. \u2013 F. m.: Sz\u00ednfoltok \u00e9letemb\u0151l (Mv., 1941). Irod.: Guly\u00e1s<\/p>\n","protected":false},"featured_media":0,"comment_status":"open","ping_status":"closed","template":"","meta":[],"product_brand":[],"product_cat":[137],"product_tag":[],"class_list":{"0":"post-7691","1":"product","2":"type-product","3":"status-publish","5":"product_cat-maros-megyei-eletrajzi-lexikon","7":"first","8":"instock","9":"shipping-taxable","10":"product-type-simple"},"_links":{"self":[{"href":"https:\/\/uj.adatbank.ro\/lexikon\/wp-json\/wp\/v2\/product\/7691","targetHints":{"allow":["GET"]}}],"collection":[{"href":"https:\/\/uj.adatbank.ro\/lexikon\/wp-json\/wp\/v2\/product"}],"about":[{"href":"https:\/\/uj.adatbank.ro\/lexikon\/wp-json\/wp\/v2\/types\/product"}],"replies":[{"embeddable":true,"href":"https:\/\/uj.adatbank.ro\/lexikon\/wp-json\/wp\/v2\/comments?post=7691"}],"wp:attachment":[{"href":"https:\/\/uj.adatbank.ro\/lexikon\/wp-json\/wp\/v2\/media?parent=7691"}],"wp:term":[{"taxonomy":"product_brand","embeddable":true,"href":"https:\/\/uj.adatbank.ro\/lexikon\/wp-json\/wp\/v2\/product_brand?post=7691"},{"taxonomy":"product_cat","embeddable":true,"href":"https:\/\/uj.adatbank.ro\/lexikon\/wp-json\/wp\/v2\/product_cat?post=7691"},{"taxonomy":"product_tag","embeddable":true,"href":"https:\/\/uj.adatbank.ro\/lexikon\/wp-json\/wp\/v2\/product_tag?post=7691"}],"curies":[{"name":"wp","href":"https:\/\/api.w.org\/{rel}","templated":true}]}}