{"id":7692,"date":"2025-06-29T10:00:41","date_gmt":"2025-06-29T08:00:41","guid":{"rendered":"https:\/\/uj.adatbank.ro\/lexikon\/termek\/farkas-jozsef-odon\/"},"modified":"2025-06-29T10:00:41","modified_gmt":"2025-06-29T08:00:41","slug":"farkas-jozsef-odon","status":"publish","type":"product","link":"https:\/\/uj.adatbank.ro\/lexikon\/termek\/farkas-jozsef-odon\/","title":{"rendered":"FARKAS J\u00f3zsef \u00d6d\u00f6n"},"content":{"rendered":"<p>Mv., 1932. szept. 10. \u2020 2013: orvos. \u2013 Feles\u00e9ge: V\u00e9kony Anna M\u00e1ria (1945- 20). -A mv.-i R. K. F\u0151gimn.-ban k\u00f6z\u00e9piskolai tanul\u00f3 (1948-ig), majd a Bolyai gimn.-ban \u00e9retts\u00e9gizett (1950). Sz\u00e1rmaz\u00e1sa miatt az egyetemre csak n\u00e9h\u00e1ny \u00e9v fizikai munka ut\u00e1n jelentkezhetett. Az orvosi egyetemet befejezte (1959). Moldv\u00e1ban volt k\u00f6rzeti orvos. Visszat\u00e9rte ut\u00e1n k\u00f6rorvos volt Dem\u00e9nyh\u00e1za k\u00f6zs\u00e9gben, \u00e9s nyugd\u00edjaz\u00e1s\u00e1ig Mez\u0151cs\u00e1v\u00e1son dolgozott. <br \/><strong>Irod.:<\/strong> Kiss-P.-P..<\/br><\/p>\n","protected":false},"excerpt":{"rendered":"<p>Mv., 1932. szept. 10. \u2020 2013: orvos. \u2013 Feles\u00e9ge: V\u00e9kony Anna M\u00e1ria (1945- 20). -A mv.-i R. K. F\u0151gimn.-ban k\u00f6z\u00e9piskolai tanul\u00f3 (1948-ig), majd a Bolyai gimn.-ban \u00e9retts\u00e9gizett (1950). Sz\u00e1rmaz\u00e1sa miatt az egyetemre csak n\u00e9h\u00e1ny \u00e9v fizikai munka ut\u00e1n jelentkezhetett. Az orvosi egyetemet befejezte (1959). Moldv\u00e1ban volt k\u00f6rzeti orvos. Visszat\u00e9rte ut\u00e1n k\u00f6rorvos volt Dem\u00e9nyh\u00e1za k\u00f6zs\u00e9gben, \u00e9s [&hellip;]<\/p>\n","protected":false},"featured_media":0,"comment_status":"open","ping_status":"closed","template":"","meta":[],"product_brand":[],"product_cat":[137],"product_tag":[],"class_list":{"0":"post-7692","1":"product","2":"type-product","3":"status-publish","5":"product_cat-maros-megyei-eletrajzi-lexikon","7":"first","8":"instock","9":"shipping-taxable","10":"product-type-simple"},"_links":{"self":[{"href":"https:\/\/uj.adatbank.ro\/lexikon\/wp-json\/wp\/v2\/product\/7692","targetHints":{"allow":["GET"]}}],"collection":[{"href":"https:\/\/uj.adatbank.ro\/lexikon\/wp-json\/wp\/v2\/product"}],"about":[{"href":"https:\/\/uj.adatbank.ro\/lexikon\/wp-json\/wp\/v2\/types\/product"}],"replies":[{"embeddable":true,"href":"https:\/\/uj.adatbank.ro\/lexikon\/wp-json\/wp\/v2\/comments?post=7692"}],"wp:attachment":[{"href":"https:\/\/uj.adatbank.ro\/lexikon\/wp-json\/wp\/v2\/media?parent=7692"}],"wp:term":[{"taxonomy":"product_brand","embeddable":true,"href":"https:\/\/uj.adatbank.ro\/lexikon\/wp-json\/wp\/v2\/product_brand?post=7692"},{"taxonomy":"product_cat","embeddable":true,"href":"https:\/\/uj.adatbank.ro\/lexikon\/wp-json\/wp\/v2\/product_cat?post=7692"},{"taxonomy":"product_tag","embeddable":true,"href":"https:\/\/uj.adatbank.ro\/lexikon\/wp-json\/wp\/v2\/product_tag?post=7692"}],"curies":[{"name":"wp","href":"https:\/\/api.w.org\/{rel}","templated":true}]}}