{"id":7696,"date":"2025-06-29T10:00:46","date_gmt":"2025-06-29T08:00:46","guid":{"rendered":"https:\/\/uj.adatbank.ro\/lexikon\/termek\/farkas-karoly-2\/"},"modified":"2025-06-29T10:00:46","modified_gmt":"2025-06-29T08:00:46","slug":"farkas-karoly-2","status":"publish","type":"product","link":"https:\/\/uj.adatbank.ro\/lexikon\/termek\/farkas-karoly-2\/","title":{"rendered":"FARKAS K\u00e1roly"},"content":{"rendered":"<p>1910., \u2020 1987: ref. lelk\u00e9sz. \u2013 Feles\u00e9ge: Piskolti M\u00e1rta (1920\u20131994) Udvarfalv\u00e1n seg\u00e9dlelk\u00e9sz (1934\u2013), helyettes lelk\u00e9sz K\u00f6rispatakon (1937\u2013), \u00c1rapatakon megv\u00e1lasztott lelk\u00e9sz (1938\u2013). Luka-Ilencfalv\u00e1n lelk\u00e9sz (1945\u20131981) \u00e9s katekh\u00e9tikai el\u0151ad\u00f3 is, de k\u00e1ntork\u00e9pz\u00e9st is folytatott. <br \/><strong>Irod.:<\/strong> Cs\u00e1ky<\/br><\/p>\n","protected":false},"excerpt":{"rendered":"<p>1910., \u2020 1987: ref. lelk\u00e9sz. \u2013 Feles\u00e9ge: Piskolti M\u00e1rta (1920\u20131994) Udvarfalv\u00e1n seg\u00e9dlelk\u00e9sz (1934\u2013), helyettes lelk\u00e9sz K\u00f6rispatakon (1937\u2013), \u00c1rapatakon megv\u00e1lasztott lelk\u00e9sz (1938\u2013). Luka-Ilencfalv\u00e1n lelk\u00e9sz (1945\u20131981) \u00e9s katekh\u00e9tikai el\u0151ad\u00f3 is, de k\u00e1ntork\u00e9pz\u00e9st is folytatott. Irod.: Cs\u00e1ky<\/p>\n","protected":false},"featured_media":0,"comment_status":"open","ping_status":"closed","template":"","meta":[],"product_brand":[],"product_cat":[137],"product_tag":[],"class_list":{"0":"post-7696","1":"product","2":"type-product","3":"status-publish","5":"product_cat-maros-megyei-eletrajzi-lexikon","7":"first","8":"instock","9":"shipping-taxable","10":"product-type-simple"},"_links":{"self":[{"href":"https:\/\/uj.adatbank.ro\/lexikon\/wp-json\/wp\/v2\/product\/7696","targetHints":{"allow":["GET"]}}],"collection":[{"href":"https:\/\/uj.adatbank.ro\/lexikon\/wp-json\/wp\/v2\/product"}],"about":[{"href":"https:\/\/uj.adatbank.ro\/lexikon\/wp-json\/wp\/v2\/types\/product"}],"replies":[{"embeddable":true,"href":"https:\/\/uj.adatbank.ro\/lexikon\/wp-json\/wp\/v2\/comments?post=7696"}],"wp:attachment":[{"href":"https:\/\/uj.adatbank.ro\/lexikon\/wp-json\/wp\/v2\/media?parent=7696"}],"wp:term":[{"taxonomy":"product_brand","embeddable":true,"href":"https:\/\/uj.adatbank.ro\/lexikon\/wp-json\/wp\/v2\/product_brand?post=7696"},{"taxonomy":"product_cat","embeddable":true,"href":"https:\/\/uj.adatbank.ro\/lexikon\/wp-json\/wp\/v2\/product_cat?post=7696"},{"taxonomy":"product_tag","embeddable":true,"href":"https:\/\/uj.adatbank.ro\/lexikon\/wp-json\/wp\/v2\/product_tag?post=7696"}],"curies":[{"name":"wp","href":"https:\/\/api.w.org\/{rel}","templated":true}]}}