{"id":7697,"date":"2025-06-29T10:00:48","date_gmt":"2025-06-29T08:00:48","guid":{"rendered":"https:\/\/uj.adatbank.ro\/lexikon\/termek\/farkas-karoly-farkass-karoly\/"},"modified":"2025-06-29T10:00:48","modified_gmt":"2025-06-29T08:00:48","slug":"farkas-karoly-farkass-karoly","status":"publish","type":"product","link":"https:\/\/uj.adatbank.ro\/lexikon\/termek\/farkas-karoly-farkass-karoly\/","title":{"rendered":"FARKAS K\u00e1roly, Farkass K\u00e1roly"},"content":{"rendered":"<p>? \u2020\u00a0? : tan\u00edt\u00f3, \u00edr\u00f3, k\u00f6lt\u0151. \u2013 S\u00e1romberk\u00e9n (1877- 93), Segesv\u00e1rt tan\u00edtott. Cikkei, versei novell\u00e1it k\u00f6z\u00f6lte a: Nagyk\u00fck\u00fcll\u0151, Aranyosvid\u00e9k (1909). \u2013 <strong>F. m.:<\/strong> Vadvir\u00e1gok (Segesv\u00e1r, 1910); Eml\u00e9kezz\u00fcnk: Nagy Imre z\u00e1goni ig. tan\u00edt\u00f3, test\u00fcleti aleln\u00f6k eml\u00e9kezete (K\u00e9zdiv\u00e1s\u00e1rhely, 1912). <br \/><strong>Irod.:<\/strong> Guly\u00e1s; S\u00e1romberke<\/br><\/p>\n","protected":false},"excerpt":{"rendered":"<p>? \u2020\u00a0? : tan\u00edt\u00f3, \u00edr\u00f3, k\u00f6lt\u0151. \u2013 S\u00e1romberk\u00e9n (1877- 93), Segesv\u00e1rt tan\u00edtott. Cikkei, versei novell\u00e1it k\u00f6z\u00f6lte a: Nagyk\u00fck\u00fcll\u0151, Aranyosvid\u00e9k (1909). \u2013 F. m.: Vadvir\u00e1gok (Segesv\u00e1r, 1910); Eml\u00e9kezz\u00fcnk: Nagy Imre z\u00e1goni ig. tan\u00edt\u00f3, test\u00fcleti aleln\u00f6k eml\u00e9kezete (K\u00e9zdiv\u00e1s\u00e1rhely, 1912). Irod.: Guly\u00e1s; S\u00e1romberke<\/p>\n","protected":false},"featured_media":0,"comment_status":"open","ping_status":"closed","template":"","meta":[],"product_brand":[],"product_cat":[137],"product_tag":[],"class_list":{"0":"post-7697","1":"product","2":"type-product","3":"status-publish","5":"product_cat-maros-megyei-eletrajzi-lexikon","7":"first","8":"instock","9":"shipping-taxable","10":"product-type-simple"},"_links":{"self":[{"href":"https:\/\/uj.adatbank.ro\/lexikon\/wp-json\/wp\/v2\/product\/7697","targetHints":{"allow":["GET"]}}],"collection":[{"href":"https:\/\/uj.adatbank.ro\/lexikon\/wp-json\/wp\/v2\/product"}],"about":[{"href":"https:\/\/uj.adatbank.ro\/lexikon\/wp-json\/wp\/v2\/types\/product"}],"replies":[{"embeddable":true,"href":"https:\/\/uj.adatbank.ro\/lexikon\/wp-json\/wp\/v2\/comments?post=7697"}],"wp:attachment":[{"href":"https:\/\/uj.adatbank.ro\/lexikon\/wp-json\/wp\/v2\/media?parent=7697"}],"wp:term":[{"taxonomy":"product_brand","embeddable":true,"href":"https:\/\/uj.adatbank.ro\/lexikon\/wp-json\/wp\/v2\/product_brand?post=7697"},{"taxonomy":"product_cat","embeddable":true,"href":"https:\/\/uj.adatbank.ro\/lexikon\/wp-json\/wp\/v2\/product_cat?post=7697"},{"taxonomy":"product_tag","embeddable":true,"href":"https:\/\/uj.adatbank.ro\/lexikon\/wp-json\/wp\/v2\/product_tag?post=7697"}],"curies":[{"name":"wp","href":"https:\/\/api.w.org\/{rel}","templated":true}]}}