{"id":7698,"date":"2025-06-29T10:00:49","date_gmt":"2025-06-29T08:00:49","guid":{"rendered":"https:\/\/uj.adatbank.ro\/lexikon\/termek\/farkas-lajos\/"},"modified":"2025-06-29T10:00:49","modified_gmt":"2025-06-29T08:00:49","slug":"farkas-lajos","status":"publish","type":"product","link":"https:\/\/uj.adatbank.ro\/lexikon\/termek\/farkas-lajos\/","title":{"rendered":"FARKAS Lajos"},"content":{"rendered":"<p>?\u00a0\u2020\u00a0?\u00a0: ad\u00f3egyenl\u00edt\u0151. \u2013 Feles\u00e9ge: G\u00f6r\u00f6g R\u00e1chel (\u2020\u00a0Mv., 1866. j\u00fan. 1.). \u2013 Mv- en dolgozott, mint ad\u00f3egyenl\u00edt\u00f3 k\u00f6ztisztvisel\u0151 (1825). <br \/><strong>Irod.:<\/strong> Gy\u00e1szjelent\u0151<\/br><\/p>\n","protected":false},"excerpt":{"rendered":"<p>?\u00a0\u2020\u00a0?\u00a0: ad\u00f3egyenl\u00edt\u0151. \u2013 Feles\u00e9ge: G\u00f6r\u00f6g R\u00e1chel (\u2020\u00a0Mv., 1866. j\u00fan. 1.). \u2013 Mv- en dolgozott, mint ad\u00f3egyenl\u00edt\u00f3 k\u00f6ztisztvisel\u0151 (1825). Irod.: Gy\u00e1szjelent\u0151<\/p>\n","protected":false},"featured_media":0,"comment_status":"open","ping_status":"closed","template":"","meta":[],"product_brand":[],"product_cat":[137],"product_tag":[],"class_list":{"0":"post-7698","1":"product","2":"type-product","3":"status-publish","5":"product_cat-maros-megyei-eletrajzi-lexikon","7":"first","8":"instock","9":"shipping-taxable","10":"product-type-simple"},"_links":{"self":[{"href":"https:\/\/uj.adatbank.ro\/lexikon\/wp-json\/wp\/v2\/product\/7698","targetHints":{"allow":["GET"]}}],"collection":[{"href":"https:\/\/uj.adatbank.ro\/lexikon\/wp-json\/wp\/v2\/product"}],"about":[{"href":"https:\/\/uj.adatbank.ro\/lexikon\/wp-json\/wp\/v2\/types\/product"}],"replies":[{"embeddable":true,"href":"https:\/\/uj.adatbank.ro\/lexikon\/wp-json\/wp\/v2\/comments?post=7698"}],"wp:attachment":[{"href":"https:\/\/uj.adatbank.ro\/lexikon\/wp-json\/wp\/v2\/media?parent=7698"}],"wp:term":[{"taxonomy":"product_brand","embeddable":true,"href":"https:\/\/uj.adatbank.ro\/lexikon\/wp-json\/wp\/v2\/product_brand?post=7698"},{"taxonomy":"product_cat","embeddable":true,"href":"https:\/\/uj.adatbank.ro\/lexikon\/wp-json\/wp\/v2\/product_cat?post=7698"},{"taxonomy":"product_tag","embeddable":true,"href":"https:\/\/uj.adatbank.ro\/lexikon\/wp-json\/wp\/v2\/product_tag?post=7698"}],"curies":[{"name":"wp","href":"https:\/\/api.w.org\/{rel}","templated":true}]}}