{"id":7699,"date":"2025-06-29T10:00:50","date_gmt":"2025-06-29T08:00:50","guid":{"rendered":"https:\/\/uj.adatbank.ro\/lexikon\/termek\/farkas-lajos-2\/"},"modified":"2025-06-29T10:00:50","modified_gmt":"2025-06-29T08:00:50","slug":"farkas-lajos-2","status":"publish","type":"product","link":"https:\/\/uj.adatbank.ro\/lexikon\/termek\/farkas-lajos-2\/","title":{"rendered":"FARKAS Lajos"},"content":{"rendered":"<p>Mez\u0151panit, 1860., \u2020\u00a0? : tan\u00edt\u00f3. \u2013 Kinevezt\u00e9k Domokosra tan\u00edt\u00f3nak (1998), majd uo. igazgat\u00f3. Cikkei a d\u00e9si Tan\u00fcgyi Tan\u00e1cskoz\u00f3, D\u00e9si Gazdas\u00e1gi Egyleti \u00c9rtes\u00edt\u0151, Ellenz\u00e9k. <br \/><strong>Irod.:<\/strong> Guly\u00e1s<\/br><\/p>\n","protected":false},"excerpt":{"rendered":"<p>Mez\u0151panit, 1860., \u2020\u00a0? : tan\u00edt\u00f3. \u2013 Kinevezt\u00e9k Domokosra tan\u00edt\u00f3nak (1998), majd uo. igazgat\u00f3. Cikkei a d\u00e9si Tan\u00fcgyi Tan\u00e1cskoz\u00f3, D\u00e9si Gazdas\u00e1gi Egyleti \u00c9rtes\u00edt\u0151, Ellenz\u00e9k. Irod.: Guly\u00e1s<\/p>\n","protected":false},"featured_media":0,"comment_status":"open","ping_status":"closed","template":"","meta":[],"product_brand":[],"product_cat":[137],"product_tag":[],"class_list":{"0":"post-7699","1":"product","2":"type-product","3":"status-publish","5":"product_cat-maros-megyei-eletrajzi-lexikon","7":"first","8":"instock","9":"shipping-taxable","10":"product-type-simple"},"_links":{"self":[{"href":"https:\/\/uj.adatbank.ro\/lexikon\/wp-json\/wp\/v2\/product\/7699","targetHints":{"allow":["GET"]}}],"collection":[{"href":"https:\/\/uj.adatbank.ro\/lexikon\/wp-json\/wp\/v2\/product"}],"about":[{"href":"https:\/\/uj.adatbank.ro\/lexikon\/wp-json\/wp\/v2\/types\/product"}],"replies":[{"embeddable":true,"href":"https:\/\/uj.adatbank.ro\/lexikon\/wp-json\/wp\/v2\/comments?post=7699"}],"wp:attachment":[{"href":"https:\/\/uj.adatbank.ro\/lexikon\/wp-json\/wp\/v2\/media?parent=7699"}],"wp:term":[{"taxonomy":"product_brand","embeddable":true,"href":"https:\/\/uj.adatbank.ro\/lexikon\/wp-json\/wp\/v2\/product_brand?post=7699"},{"taxonomy":"product_cat","embeddable":true,"href":"https:\/\/uj.adatbank.ro\/lexikon\/wp-json\/wp\/v2\/product_cat?post=7699"},{"taxonomy":"product_tag","embeddable":true,"href":"https:\/\/uj.adatbank.ro\/lexikon\/wp-json\/wp\/v2\/product_tag?post=7699"}],"curies":[{"name":"wp","href":"https:\/\/api.w.org\/{rel}","templated":true}]}}