{"id":7705,"date":"2025-06-29T10:01:02","date_gmt":"2025-06-29T08:01:02","guid":{"rendered":"https:\/\/uj.adatbank.ro\/lexikon\/termek\/farkas-mate\/"},"modified":"2025-06-29T10:01:02","modified_gmt":"2025-06-29T08:01:02","slug":"farkas-mate","status":"publish","type":"product","link":"https:\/\/uj.adatbank.ro\/lexikon\/termek\/farkas-mate\/","title":{"rendered":"FARKAS M\u00e1t\u00e9"},"content":{"rendered":"<p>Marosszentgy\u00f6rgy, ? \u2020 1771. m\u00e1j. 1.: r. k. pap. \u2013 Kv.-on \u00e9s Gyulafeh\u00e9rv\u00e1ron tanult (1766\u20131769). K\u00e1pl\u00e1n, majd pl\u00e9b\u00e1nos Ny\u00fajt\u00f3don (1769\u2013). <br \/><strong>Irod.:<\/strong> Ferenczi S\u00e1ndor 2009<\/br><\/p>\n","protected":false},"excerpt":{"rendered":"<p>Marosszentgy\u00f6rgy, ? \u2020 1771. m\u00e1j. 1.: r. k. pap. \u2013 Kv.-on \u00e9s Gyulafeh\u00e9rv\u00e1ron tanult (1766\u20131769). K\u00e1pl\u00e1n, majd pl\u00e9b\u00e1nos Ny\u00fajt\u00f3don (1769\u2013). Irod.: Ferenczi S\u00e1ndor 2009<\/p>\n","protected":false},"featured_media":0,"comment_status":"open","ping_status":"closed","template":"","meta":[],"product_brand":[],"product_cat":[137],"product_tag":[],"class_list":{"0":"post-7705","1":"product","2":"type-product","3":"status-publish","5":"product_cat-maros-megyei-eletrajzi-lexikon","7":"first","8":"instock","9":"shipping-taxable","10":"product-type-simple"},"_links":{"self":[{"href":"https:\/\/uj.adatbank.ro\/lexikon\/wp-json\/wp\/v2\/product\/7705","targetHints":{"allow":["GET"]}}],"collection":[{"href":"https:\/\/uj.adatbank.ro\/lexikon\/wp-json\/wp\/v2\/product"}],"about":[{"href":"https:\/\/uj.adatbank.ro\/lexikon\/wp-json\/wp\/v2\/types\/product"}],"replies":[{"embeddable":true,"href":"https:\/\/uj.adatbank.ro\/lexikon\/wp-json\/wp\/v2\/comments?post=7705"}],"wp:attachment":[{"href":"https:\/\/uj.adatbank.ro\/lexikon\/wp-json\/wp\/v2\/media?parent=7705"}],"wp:term":[{"taxonomy":"product_brand","embeddable":true,"href":"https:\/\/uj.adatbank.ro\/lexikon\/wp-json\/wp\/v2\/product_brand?post=7705"},{"taxonomy":"product_cat","embeddable":true,"href":"https:\/\/uj.adatbank.ro\/lexikon\/wp-json\/wp\/v2\/product_cat?post=7705"},{"taxonomy":"product_tag","embeddable":true,"href":"https:\/\/uj.adatbank.ro\/lexikon\/wp-json\/wp\/v2\/product_tag?post=7705"}],"curies":[{"name":"wp","href":"https:\/\/api.w.org\/{rel}","templated":true}]}}