{"id":7707,"date":"2025-06-29T10:01:07","date_gmt":"2025-06-29T08:01:07","guid":{"rendered":"https:\/\/uj.adatbank.ro\/lexikon\/termek\/farkas-mihaly\/"},"modified":"2025-06-29T10:01:07","modified_gmt":"2025-06-29T08:01:07","slug":"farkas-mihaly","status":"publish","type":"product","link":"https:\/\/uj.adatbank.ro\/lexikon\/termek\/farkas-mihaly\/","title":{"rendered":"FARKAS Mih\u00e1ly"},"content":{"rendered":"<p>? \u2020 ? : birtokos. \u2013 Nemesi csal\u00e1d tagja. Dedr\u00e1di \u00e9s sz\u00e9plaki birtokos. Feles\u00e9ge: 1. z\u00e1goni Gruzda Borb\u00e1ra; 2. zilahi \u00c9ltet\u0151 Krisztina, fi\u00fak: Mih\u00e1ly, aki az \u0151si birtokait tetemesen megszapor\u00edtotta. \u2013 Udavarh\u00e1za volt Beresztelk\u00e9n. <br \/><strong>Irod.:<\/strong> B\u00edr\u00f3 Don\u00e1t; Keresztes Gyula: \u00d6r\u00f6ks\u00e9g\u00fcnk 68.: Udvarh\u00e1zak a Maros jobb oldal\u00e1n (N\u00fa., 1994. nov. 26.)<\/br><\/p>\n","protected":false},"excerpt":{"rendered":"<p>? \u2020 ? : birtokos. \u2013 Nemesi csal\u00e1d tagja. Dedr\u00e1di \u00e9s sz\u00e9plaki birtokos. Feles\u00e9ge: 1. z\u00e1goni Gruzda Borb\u00e1ra; 2. zilahi \u00c9ltet\u0151 Krisztina, fi\u00fak: Mih\u00e1ly, aki az \u0151si birtokait tetemesen megszapor\u00edtotta. \u2013 Udavarh\u00e1za volt Beresztelk\u00e9n. Irod.: B\u00edr\u00f3 Don\u00e1t; Keresztes Gyula: \u00d6r\u00f6ks\u00e9g\u00fcnk 68.: Udvarh\u00e1zak a Maros jobb oldal\u00e1n (N\u00fa., 1994. nov. 26.)<\/p>\n","protected":false},"featured_media":0,"comment_status":"open","ping_status":"closed","template":"","meta":[],"product_brand":[],"product_cat":[137],"product_tag":[],"class_list":{"0":"post-7707","1":"product","2":"type-product","3":"status-publish","5":"product_cat-maros-megyei-eletrajzi-lexikon","7":"first","8":"instock","9":"shipping-taxable","10":"product-type-simple"},"_links":{"self":[{"href":"https:\/\/uj.adatbank.ro\/lexikon\/wp-json\/wp\/v2\/product\/7707","targetHints":{"allow":["GET"]}}],"collection":[{"href":"https:\/\/uj.adatbank.ro\/lexikon\/wp-json\/wp\/v2\/product"}],"about":[{"href":"https:\/\/uj.adatbank.ro\/lexikon\/wp-json\/wp\/v2\/types\/product"}],"replies":[{"embeddable":true,"href":"https:\/\/uj.adatbank.ro\/lexikon\/wp-json\/wp\/v2\/comments?post=7707"}],"wp:attachment":[{"href":"https:\/\/uj.adatbank.ro\/lexikon\/wp-json\/wp\/v2\/media?parent=7707"}],"wp:term":[{"taxonomy":"product_brand","embeddable":true,"href":"https:\/\/uj.adatbank.ro\/lexikon\/wp-json\/wp\/v2\/product_brand?post=7707"},{"taxonomy":"product_cat","embeddable":true,"href":"https:\/\/uj.adatbank.ro\/lexikon\/wp-json\/wp\/v2\/product_cat?post=7707"},{"taxonomy":"product_tag","embeddable":true,"href":"https:\/\/uj.adatbank.ro\/lexikon\/wp-json\/wp\/v2\/product_tag?post=7707"}],"curies":[{"name":"wp","href":"https:\/\/api.w.org\/{rel}","templated":true}]}}