{"id":7708,"date":"2025-06-29T10:01:09","date_gmt":"2025-06-29T08:01:09","guid":{"rendered":"https:\/\/uj.adatbank.ro\/lexikon\/termek\/farkas-mihaly-2\/"},"modified":"2025-06-29T10:01:09","modified_gmt":"2025-06-29T08:01:09","slug":"farkas-mihaly-2","status":"publish","type":"product","link":"https:\/\/uj.adatbank.ro\/lexikon\/termek\/farkas-mihaly-2\/","title":{"rendered":"FARKAS Mih\u00e1ly"},"content":{"rendered":"<p>? \u2020 ? : f\u00f6ldbirtokos. \u2013 Mih\u00e1ly \u00e9s \u00c9ltet\u0151 Krisztina fia. Fia: Albert (1855\u20131918). \u2013 F\u00f6ldbirtokos Dedr\u00e1dsz\u00e9plakon. Birtokaik Magyarr\u00e9gen, Sz\u00e1szr\u00e9gen, F\u00fcleh\u00e1za, Palota, G\u00f6demesterh\u00e1za, Ol\u00e1htoplica, Dedr\u00e1dsz\u00e9plak, B\u00e1tos, Sz\u00e1szl\u00fadv\u00e9g, Ol\u00e1h\u00fajfalu hat\u00e1raiban voltak. Tev\u00e9kenyen r\u00e9szt vett az 1848\u201349-es szabads\u00e1gharcban. <br \/><strong>Irod.:<\/strong> B\u00edr\u00f3 Don\u00e1t; P\u00e1lmay<\/br><\/p>\n","protected":false},"excerpt":{"rendered":"<p>? \u2020 ? : f\u00f6ldbirtokos. \u2013 Mih\u00e1ly \u00e9s \u00c9ltet\u0151 Krisztina fia. Fia: Albert (1855\u20131918). \u2013 F\u00f6ldbirtokos Dedr\u00e1dsz\u00e9plakon. Birtokaik Magyarr\u00e9gen, Sz\u00e1szr\u00e9gen, F\u00fcleh\u00e1za, Palota, G\u00f6demesterh\u00e1za, Ol\u00e1htoplica, Dedr\u00e1dsz\u00e9plak, B\u00e1tos, Sz\u00e1szl\u00fadv\u00e9g, Ol\u00e1h\u00fajfalu hat\u00e1raiban voltak. Tev\u00e9kenyen r\u00e9szt vett az 1848\u201349-es szabads\u00e1gharcban. Irod.: B\u00edr\u00f3 Don\u00e1t; P\u00e1lmay<\/p>\n","protected":false},"featured_media":0,"comment_status":"open","ping_status":"closed","template":"","meta":[],"product_brand":[],"product_cat":[137],"product_tag":[],"class_list":{"0":"post-7708","1":"product","2":"type-product","3":"status-publish","5":"product_cat-maros-megyei-eletrajzi-lexikon","7":"first","8":"instock","9":"shipping-taxable","10":"product-type-simple"},"_links":{"self":[{"href":"https:\/\/uj.adatbank.ro\/lexikon\/wp-json\/wp\/v2\/product\/7708","targetHints":{"allow":["GET"]}}],"collection":[{"href":"https:\/\/uj.adatbank.ro\/lexikon\/wp-json\/wp\/v2\/product"}],"about":[{"href":"https:\/\/uj.adatbank.ro\/lexikon\/wp-json\/wp\/v2\/types\/product"}],"replies":[{"embeddable":true,"href":"https:\/\/uj.adatbank.ro\/lexikon\/wp-json\/wp\/v2\/comments?post=7708"}],"wp:attachment":[{"href":"https:\/\/uj.adatbank.ro\/lexikon\/wp-json\/wp\/v2\/media?parent=7708"}],"wp:term":[{"taxonomy":"product_brand","embeddable":true,"href":"https:\/\/uj.adatbank.ro\/lexikon\/wp-json\/wp\/v2\/product_brand?post=7708"},{"taxonomy":"product_cat","embeddable":true,"href":"https:\/\/uj.adatbank.ro\/lexikon\/wp-json\/wp\/v2\/product_cat?post=7708"},{"taxonomy":"product_tag","embeddable":true,"href":"https:\/\/uj.adatbank.ro\/lexikon\/wp-json\/wp\/v2\/product_tag?post=7708"}],"curies":[{"name":"wp","href":"https:\/\/api.w.org\/{rel}","templated":true}]}}