{"id":7711,"date":"2025-06-29T10:01:13","date_gmt":"2025-06-29T08:01:13","guid":{"rendered":"https:\/\/uj.adatbank.ro\/lexikon\/termek\/farkas-miklos-2\/"},"modified":"2025-06-29T10:01:13","modified_gmt":"2025-06-29T08:01:13","slug":"farkas-miklos-2","status":"publish","type":"product","link":"https:\/\/uj.adatbank.ro\/lexikon\/termek\/farkas-miklos-2\/","title":{"rendered":"FARKAS Mikl\u00f3s"},"content":{"rendered":"<p>? \u2020 ? : tan\u00e1r. \u2013 A segesv\u00e1ri 1. sz. l\u00edc. m. tagozat\u00e1n tan\u00edtott matematik\u00e1t. A tan\u00e1rok seg\u00edts\u00e9g\u00e9vel beindult a Szabadegyetem, ahol vezet\u0151 szerepet j\u00e1tszott, k\u00e9thetente megtartott el\u0151ad\u00e1sain az akkori erd\u00e9lyi m. irodalmi \u00e9s tudom\u00e1nyos \u00e9let sz\u00e1mos jelent\u0151s k\u00e9pvisel\u0151je sz\u00f3lalt meg. T\u00f6bb k\u00f6z\u00e9piskolai matematika tank\u00f6nyv szerz\u0151je. <br \/><strong>Irod.:<\/strong> RMIL; Segesv\u00e1r<\/br><\/p>\n","protected":false},"excerpt":{"rendered":"<p>? \u2020 ? : tan\u00e1r. \u2013 A segesv\u00e1ri 1. sz. l\u00edc. m. tagozat\u00e1n tan\u00edtott matematik\u00e1t. A tan\u00e1rok seg\u00edts\u00e9g\u00e9vel beindult a Szabadegyetem, ahol vezet\u0151 szerepet j\u00e1tszott, k\u00e9thetente megtartott el\u0151ad\u00e1sain az akkori erd\u00e9lyi m. irodalmi \u00e9s tudom\u00e1nyos \u00e9let sz\u00e1mos jelent\u0151s k\u00e9pvisel\u0151je sz\u00f3lalt meg. T\u00f6bb k\u00f6z\u00e9piskolai matematika tank\u00f6nyv szerz\u0151je. Irod.: RMIL; Segesv\u00e1r<\/p>\n","protected":false},"featured_media":0,"comment_status":"open","ping_status":"closed","template":"","meta":[],"product_brand":[],"product_cat":[137],"product_tag":[],"class_list":{"0":"post-7711","1":"product","2":"type-product","3":"status-publish","5":"product_cat-maros-megyei-eletrajzi-lexikon","7":"first","8":"instock","9":"shipping-taxable","10":"product-type-simple"},"_links":{"self":[{"href":"https:\/\/uj.adatbank.ro\/lexikon\/wp-json\/wp\/v2\/product\/7711","targetHints":{"allow":["GET"]}}],"collection":[{"href":"https:\/\/uj.adatbank.ro\/lexikon\/wp-json\/wp\/v2\/product"}],"about":[{"href":"https:\/\/uj.adatbank.ro\/lexikon\/wp-json\/wp\/v2\/types\/product"}],"replies":[{"embeddable":true,"href":"https:\/\/uj.adatbank.ro\/lexikon\/wp-json\/wp\/v2\/comments?post=7711"}],"wp:attachment":[{"href":"https:\/\/uj.adatbank.ro\/lexikon\/wp-json\/wp\/v2\/media?parent=7711"}],"wp:term":[{"taxonomy":"product_brand","embeddable":true,"href":"https:\/\/uj.adatbank.ro\/lexikon\/wp-json\/wp\/v2\/product_brand?post=7711"},{"taxonomy":"product_cat","embeddable":true,"href":"https:\/\/uj.adatbank.ro\/lexikon\/wp-json\/wp\/v2\/product_cat?post=7711"},{"taxonomy":"product_tag","embeddable":true,"href":"https:\/\/uj.adatbank.ro\/lexikon\/wp-json\/wp\/v2\/product_tag?post=7711"}],"curies":[{"name":"wp","href":"https:\/\/api.w.org\/{rel}","templated":true}]}}