{"id":7714,"date":"2025-06-29T10:01:21","date_gmt":"2025-06-29T08:01:21","guid":{"rendered":"https:\/\/uj.adatbank.ro\/lexikon\/termek\/farkas-pal\/"},"modified":"2025-06-29T10:01:21","modified_gmt":"2025-06-29T08:01:21","slug":"farkas-pal","status":"publish","type":"product","link":"https:\/\/uj.adatbank.ro\/lexikon\/termek\/farkas-pal\/","title":{"rendered":"FARKAS P\u00e1l"},"content":{"rendered":"<p>? \u2020\u00a0?: l\u00e9vita. \u2013 Tan\u00edt\u00f3 Nagyerny\u00e9ben (1809\u20131812), Ny\u00e1r\u00e1dszentimr\u00e9n (1813\u20131814), Cserefalv\u00e1n l\u00e9vita (1818\u20131820). <br \/><strong>Irod.:<\/strong> Imreh Barna<\/br><\/p>\n","protected":false},"excerpt":{"rendered":"<p>? \u2020\u00a0?: l\u00e9vita. \u2013 Tan\u00edt\u00f3 Nagyerny\u00e9ben (1809\u20131812), Ny\u00e1r\u00e1dszentimr\u00e9n (1813\u20131814), Cserefalv\u00e1n l\u00e9vita (1818\u20131820). Irod.: Imreh Barna<\/p>\n","protected":false},"featured_media":0,"comment_status":"open","ping_status":"closed","template":"","meta":[],"product_brand":[],"product_cat":[137],"product_tag":[],"class_list":{"0":"post-7714","1":"product","2":"type-product","3":"status-publish","5":"product_cat-maros-megyei-eletrajzi-lexikon","7":"first","8":"instock","9":"shipping-taxable","10":"product-type-simple"},"_links":{"self":[{"href":"https:\/\/uj.adatbank.ro\/lexikon\/wp-json\/wp\/v2\/product\/7714","targetHints":{"allow":["GET"]}}],"collection":[{"href":"https:\/\/uj.adatbank.ro\/lexikon\/wp-json\/wp\/v2\/product"}],"about":[{"href":"https:\/\/uj.adatbank.ro\/lexikon\/wp-json\/wp\/v2\/types\/product"}],"replies":[{"embeddable":true,"href":"https:\/\/uj.adatbank.ro\/lexikon\/wp-json\/wp\/v2\/comments?post=7714"}],"wp:attachment":[{"href":"https:\/\/uj.adatbank.ro\/lexikon\/wp-json\/wp\/v2\/media?parent=7714"}],"wp:term":[{"taxonomy":"product_brand","embeddable":true,"href":"https:\/\/uj.adatbank.ro\/lexikon\/wp-json\/wp\/v2\/product_brand?post=7714"},{"taxonomy":"product_cat","embeddable":true,"href":"https:\/\/uj.adatbank.ro\/lexikon\/wp-json\/wp\/v2\/product_cat?post=7714"},{"taxonomy":"product_tag","embeddable":true,"href":"https:\/\/uj.adatbank.ro\/lexikon\/wp-json\/wp\/v2\/product_tag?post=7714"}],"curies":[{"name":"wp","href":"https:\/\/api.w.org\/{rel}","templated":true}]}}