{"id":7715,"date":"2025-06-29T10:01:22","date_gmt":"2025-06-29T08:01:22","guid":{"rendered":"https:\/\/uj.adatbank.ro\/lexikon\/termek\/farkas-pal-2\/"},"modified":"2025-06-29T10:01:22","modified_gmt":"2025-06-29T08:01:22","slug":"farkas-pal-2","status":"publish","type":"product","link":"https:\/\/uj.adatbank.ro\/lexikon\/termek\/farkas-pal-2\/","title":{"rendered":"FARKAS P\u00e1l"},"content":{"rendered":"<p>Mv, 1906. \u00e1pr. 5., \u2020\u00a0?: dr., chem., vegy\u00e9szm\u00e9rn\u00f6k, szak\u00edr\u00f3. \u2013 K\u00f6z\u00e9piskol\u00e1it Bp.-en, a m\u0171egyetemet Z\u00fcrichben v\u00e9gezte, ahol doktor\u00e1lt (1932). Bp. en dolgozott mint tan\u00e1csad\u00f3m\u00e9rn\u00f6k (1935\u2013). A h\u0171t\u0151technik\u00e1va foglalkozott (1928), t\u00f6bb munk\u00e1t \u00edrt a h\u0171t\u0151akkumul\u00e1torokr\u00f3l. A z\u00fcrichi egyetem nagy ez\u00fcst \u00e9rm\u00e9t elnyerte dolgozat\u00e1val. \u2013 <strong>F. m.:<\/strong> Phasengrenzpotenzial u. d. Dielektrizit\u00e4tskonste. <br \/><strong>Irod.:<\/strong> Guly\u00e1s<\/br><\/p>\n","protected":false},"excerpt":{"rendered":"<p>Mv, 1906. \u00e1pr. 5., \u2020\u00a0?: dr., chem., vegy\u00e9szm\u00e9rn\u00f6k, szak\u00edr\u00f3. \u2013 K\u00f6z\u00e9piskol\u00e1it Bp.-en, a m\u0171egyetemet Z\u00fcrichben v\u00e9gezte, ahol doktor\u00e1lt (1932). Bp. en dolgozott mint tan\u00e1csad\u00f3m\u00e9rn\u00f6k (1935\u2013). A h\u0171t\u0151technik\u00e1va foglalkozott (1928), t\u00f6bb munk\u00e1t \u00edrt a h\u0171t\u0151akkumul\u00e1torokr\u00f3l. A z\u00fcrichi egyetem nagy ez\u00fcst \u00e9rm\u00e9t elnyerte dolgozat\u00e1val. \u2013 F. m.: Phasengrenzpotenzial u. d. Dielektrizit\u00e4tskonste. Irod.: Guly\u00e1s<\/p>\n","protected":false},"featured_media":0,"comment_status":"open","ping_status":"closed","template":"","meta":[],"product_brand":[],"product_cat":[137],"product_tag":[],"class_list":{"0":"post-7715","1":"product","2":"type-product","3":"status-publish","5":"product_cat-maros-megyei-eletrajzi-lexikon","7":"first","8":"instock","9":"shipping-taxable","10":"product-type-simple"},"_links":{"self":[{"href":"https:\/\/uj.adatbank.ro\/lexikon\/wp-json\/wp\/v2\/product\/7715","targetHints":{"allow":["GET"]}}],"collection":[{"href":"https:\/\/uj.adatbank.ro\/lexikon\/wp-json\/wp\/v2\/product"}],"about":[{"href":"https:\/\/uj.adatbank.ro\/lexikon\/wp-json\/wp\/v2\/types\/product"}],"replies":[{"embeddable":true,"href":"https:\/\/uj.adatbank.ro\/lexikon\/wp-json\/wp\/v2\/comments?post=7715"}],"wp:attachment":[{"href":"https:\/\/uj.adatbank.ro\/lexikon\/wp-json\/wp\/v2\/media?parent=7715"}],"wp:term":[{"taxonomy":"product_brand","embeddable":true,"href":"https:\/\/uj.adatbank.ro\/lexikon\/wp-json\/wp\/v2\/product_brand?post=7715"},{"taxonomy":"product_cat","embeddable":true,"href":"https:\/\/uj.adatbank.ro\/lexikon\/wp-json\/wp\/v2\/product_cat?post=7715"},{"taxonomy":"product_tag","embeddable":true,"href":"https:\/\/uj.adatbank.ro\/lexikon\/wp-json\/wp\/v2\/product_tag?post=7715"}],"curies":[{"name":"wp","href":"https:\/\/api.w.org\/{rel}","templated":true}]}}