{"id":7718,"date":"2025-06-29T10:01:27","date_gmt":"2025-06-29T08:01:27","guid":{"rendered":"https:\/\/uj.adatbank.ro\/lexikon\/termek\/farkas-peter-pierre-farkas\/"},"modified":"2025-06-29T10:01:27","modified_gmt":"2025-06-29T08:01:27","slug":"farkas-peter-pierre-farkas","status":"publish","type":"product","link":"https:\/\/uj.adatbank.ro\/lexikon\/termek\/farkas-peter-pierre-farkas\/","title":{"rendered":"FARKAS P\u00e9ter, Pierre Farkas"},"content":{"rendered":"<p>T\u00f6vis, 1902. aug. 28., \u2020 P\u00e1rizs, 1982. dec. 28.: feltal\u00e1l\u00f3. \u2013 A sz\u00e9kelyhodosi F. Lajos (vas\u00fati p\u00e1lyafelvigy\u00e1z\u00f3, f\u00e9kez\u0151, rakt\u00e1rnok, majd \u00e1llom\u00e1sf\u0151n\u00f6k Dem\u00e9nyh\u00e1z\u00e1n, a kisvas\u00fatn\u00e1l), \u00e9s M\u00e1th\u00e9 M\u00e1ria fia. Testv\u00e9rei: hat fi\u00fa \u00e9s k\u00e9t le\u00e1ny. Fia: Jean-Pierre Farkas, \u00fajs\u00e1g\u00edr\u00f3, szerk. -\u0151, a France Inter r\u00e1di\u00f3 igazgat\u00f3ja, majd a Radi\u00f3 France helyi st\u00fadi\u00f3inak vezet\u0151je. \u2013 A vasutas apa \u00e9s csal\u00e1dja Aranyoslonk\u00e1ra ker\u00fclt, iskol\u00e1ba Tord\u00e1ra j\u00e1rt a vicin\u00e1lissal. Sz\u00fclei Bp. -re k\u00fcldt\u00e9k rokonokhoz (1916), akik a Ganz gy\u00e1r mellett m\u0171k\u00f6d\u0151 ipariskol\u00e1ba iratt\u00e1k, majd k\u00e9t\u00e9ves technikai m\u0171szaki kurzuson b\u0151v\u00edtette elm\u00e9leti ismereteit. P\u00e1rizsba pr\u00f3b\u00e1lt szerencs\u00e9t k\u00e9t bar\u00e1tj\u00e1val (1926), ahol a kezdeti alkalmazkod\u00e1s \u00e9s neh\u00e9zs\u00e9gek ut\u00e1n sorra szabadalmaztatta tanulm\u00e1nyait, \u00faj\u00edt\u00e1sait: a rep\u00fcl\u0151g\u00e9pek \u00e9s g\u00e9pj\u00e1rm\u0171ve f\u00e9krendszer\u00e9re, sebess\u00e9gv\u00e1lt\u00f3kra, az aut\u00f3k motorjaira, gazdas\u00e1gos \u00fczemeltet\u00e9s\u00e9re vonatkoztak. T\u00f6bb szabadalm\u00e1t Franciao., N\u00e9meto., Anglia \u00e9s az AE\u00c1 is megvette. Tal\u00e1lm\u00e1nyainak nagy r\u00e9sz\u00e9t a mai napig alkalmazz\u00e1k. <br \/><strong>Irod.:<\/strong> Bartos 2012; Farkas, Jean-Pierre: \u00c1rp\u00e1d h\u00e1rom lovasa (Eredeti c\u00edm: Les trois Cavaliers d\u2019Arpad. Ford. Szab\u00f3 Gy\u00f6rgy; Sz\u00e9kelyhodos, 2012); Szab\u00f3 Gy\u00f6rgy: F. P. \u2013 Pierre Farkas (1902\u20131982), a k\u00f6z\u00fcl\u00fcnk sz\u00e1rmaz\u00f3, itthon ismeretlen feltatl\u00e1l\u00f3 (N\u00e9p\u00fajs\u00e1g \u00e9vk., 2003)<\/br><\/p>\n","protected":false},"excerpt":{"rendered":"<p>T\u00f6vis, 1902. aug. 28., \u2020 P\u00e1rizs, 1982. dec. 28.: feltal\u00e1l\u00f3. \u2013 A sz\u00e9kelyhodosi F. Lajos (vas\u00fati p\u00e1lyafelvigy\u00e1z\u00f3, f\u00e9kez\u0151, rakt\u00e1rnok, majd \u00e1llom\u00e1sf\u0151n\u00f6k Dem\u00e9nyh\u00e1z\u00e1n, a kisvas\u00fatn\u00e1l), \u00e9s M\u00e1th\u00e9 M\u00e1ria fia. Testv\u00e9rei: hat fi\u00fa \u00e9s k\u00e9t le\u00e1ny. Fia: Jean-Pierre Farkas, \u00fajs\u00e1g\u00edr\u00f3, szerk. -\u0151, a France Inter r\u00e1di\u00f3 igazgat\u00f3ja, majd a Radi\u00f3 France helyi st\u00fadi\u00f3inak vezet\u0151je. \u2013 A vasutas [&hellip;]<\/p>\n","protected":false},"featured_media":0,"comment_status":"open","ping_status":"closed","template":"","meta":[],"product_brand":[],"product_cat":[137],"product_tag":[],"class_list":{"0":"post-7718","1":"product","2":"type-product","3":"status-publish","5":"product_cat-maros-megyei-eletrajzi-lexikon","7":"first","8":"instock","9":"shipping-taxable","10":"product-type-simple"},"_links":{"self":[{"href":"https:\/\/uj.adatbank.ro\/lexikon\/wp-json\/wp\/v2\/product\/7718","targetHints":{"allow":["GET"]}}],"collection":[{"href":"https:\/\/uj.adatbank.ro\/lexikon\/wp-json\/wp\/v2\/product"}],"about":[{"href":"https:\/\/uj.adatbank.ro\/lexikon\/wp-json\/wp\/v2\/types\/product"}],"replies":[{"embeddable":true,"href":"https:\/\/uj.adatbank.ro\/lexikon\/wp-json\/wp\/v2\/comments?post=7718"}],"wp:attachment":[{"href":"https:\/\/uj.adatbank.ro\/lexikon\/wp-json\/wp\/v2\/media?parent=7718"}],"wp:term":[{"taxonomy":"product_brand","embeddable":true,"href":"https:\/\/uj.adatbank.ro\/lexikon\/wp-json\/wp\/v2\/product_brand?post=7718"},{"taxonomy":"product_cat","embeddable":true,"href":"https:\/\/uj.adatbank.ro\/lexikon\/wp-json\/wp\/v2\/product_cat?post=7718"},{"taxonomy":"product_tag","embeddable":true,"href":"https:\/\/uj.adatbank.ro\/lexikon\/wp-json\/wp\/v2\/product_tag?post=7718"}],"curies":[{"name":"wp","href":"https:\/\/api.w.org\/{rel}","templated":true}]}}