{"id":7719,"date":"2025-06-29T10:01:29","date_gmt":"2025-06-29T08:01:29","guid":{"rendered":"https:\/\/uj.adatbank.ro\/lexikon\/termek\/farkas-piroska\/"},"modified":"2025-06-29T10:01:29","modified_gmt":"2025-06-29T08:01:29","slug":"farkas-piroska","status":"publish","type":"product","link":"https:\/\/uj.adatbank.ro\/lexikon\/termek\/farkas-piroska\/","title":{"rendered":"FARKAS Piroska"},"content":{"rendered":"<p>? \u2020\u00a0?\u00a0: tan\u00e1r. \u2013 A sz\u00e1szr\u00e9geni M. Tannyelv\u0171 Pedag\u00f3giai Iskol\u00e1ban tan\u00edtott (1951\u201356). <br \/><strong>Irod.:<\/strong> Szab\u00f3 K. Attila<\/br><\/p>\n","protected":false},"excerpt":{"rendered":"<p>? \u2020\u00a0?\u00a0: tan\u00e1r. \u2013 A sz\u00e1szr\u00e9geni M. Tannyelv\u0171 Pedag\u00f3giai Iskol\u00e1ban tan\u00edtott (1951\u201356). Irod.: Szab\u00f3 K. Attila<\/p>\n","protected":false},"featured_media":0,"comment_status":"open","ping_status":"closed","template":"","meta":[],"product_brand":[],"product_cat":[137],"product_tag":[],"class_list":{"0":"post-7719","1":"product","2":"type-product","3":"status-publish","5":"product_cat-maros-megyei-eletrajzi-lexikon","7":"first","8":"instock","9":"shipping-taxable","10":"product-type-simple"},"_links":{"self":[{"href":"https:\/\/uj.adatbank.ro\/lexikon\/wp-json\/wp\/v2\/product\/7719","targetHints":{"allow":["GET"]}}],"collection":[{"href":"https:\/\/uj.adatbank.ro\/lexikon\/wp-json\/wp\/v2\/product"}],"about":[{"href":"https:\/\/uj.adatbank.ro\/lexikon\/wp-json\/wp\/v2\/types\/product"}],"replies":[{"embeddable":true,"href":"https:\/\/uj.adatbank.ro\/lexikon\/wp-json\/wp\/v2\/comments?post=7719"}],"wp:attachment":[{"href":"https:\/\/uj.adatbank.ro\/lexikon\/wp-json\/wp\/v2\/media?parent=7719"}],"wp:term":[{"taxonomy":"product_brand","embeddable":true,"href":"https:\/\/uj.adatbank.ro\/lexikon\/wp-json\/wp\/v2\/product_brand?post=7719"},{"taxonomy":"product_cat","embeddable":true,"href":"https:\/\/uj.adatbank.ro\/lexikon\/wp-json\/wp\/v2\/product_cat?post=7719"},{"taxonomy":"product_tag","embeddable":true,"href":"https:\/\/uj.adatbank.ro\/lexikon\/wp-json\/wp\/v2\/product_tag?post=7719"}],"curies":[{"name":"wp","href":"https:\/\/api.w.org\/{rel}","templated":true}]}}