{"id":7723,"date":"2025-06-29T10:01:36","date_gmt":"2025-06-29T08:01:36","guid":{"rendered":"https:\/\/uj.adatbank.ro\/lexikon\/termek\/farkas-samuel\/"},"modified":"2025-06-29T10:01:36","modified_gmt":"2025-06-29T08:01:36","slug":"farkas-samuel","status":"publish","type":"product","link":"https:\/\/uj.adatbank.ro\/lexikon\/termek\/farkas-samuel\/","title":{"rendered":"FARKAS S\u00e1muel"},"content":{"rendered":"<p>? \u2020\u00a01850.: nemzet\u0151r kapit\u00e1ny. \u2013 Feles\u00e9ge: Danielovics Anna (1804.?- Mv., 1882. jan. 19.), \u00f6zv. 32. \u00e9ve. Le\u00e1nyuk Farkas Juli\u00e1nna, L\u00e9n\u00e1rt Domokosn\u00e9. \u2013 A mv.-i polg\u00e1r\u0151rs\u00e9g alkapit\u00e1nya (1848. \u00e1pr.). <br \/><strong>Irod.:<\/strong> Gy\u00e1szjelent\u0151; Id\u0151t\u00e1r 2; P\u00e1l-Antal 2009<\/br><\/p>\n","protected":false},"excerpt":{"rendered":"<p>? \u2020\u00a01850.: nemzet\u0151r kapit\u00e1ny. \u2013 Feles\u00e9ge: Danielovics Anna (1804.?- Mv., 1882. jan. 19.), \u00f6zv. 32. \u00e9ve. Le\u00e1nyuk Farkas Juli\u00e1nna, L\u00e9n\u00e1rt Domokosn\u00e9. \u2013 A mv.-i polg\u00e1r\u0151rs\u00e9g alkapit\u00e1nya (1848. \u00e1pr.). Irod.: Gy\u00e1szjelent\u0151; Id\u0151t\u00e1r 2; P\u00e1l-Antal 2009<\/p>\n","protected":false},"featured_media":0,"comment_status":"open","ping_status":"closed","template":"","meta":[],"product_brand":[],"product_cat":[137],"product_tag":[],"class_list":{"0":"post-7723","1":"product","2":"type-product","3":"status-publish","5":"product_cat-maros-megyei-eletrajzi-lexikon","7":"first","8":"instock","9":"shipping-taxable","10":"product-type-simple"},"_links":{"self":[{"href":"https:\/\/uj.adatbank.ro\/lexikon\/wp-json\/wp\/v2\/product\/7723","targetHints":{"allow":["GET"]}}],"collection":[{"href":"https:\/\/uj.adatbank.ro\/lexikon\/wp-json\/wp\/v2\/product"}],"about":[{"href":"https:\/\/uj.adatbank.ro\/lexikon\/wp-json\/wp\/v2\/types\/product"}],"replies":[{"embeddable":true,"href":"https:\/\/uj.adatbank.ro\/lexikon\/wp-json\/wp\/v2\/comments?post=7723"}],"wp:attachment":[{"href":"https:\/\/uj.adatbank.ro\/lexikon\/wp-json\/wp\/v2\/media?parent=7723"}],"wp:term":[{"taxonomy":"product_brand","embeddable":true,"href":"https:\/\/uj.adatbank.ro\/lexikon\/wp-json\/wp\/v2\/product_brand?post=7723"},{"taxonomy":"product_cat","embeddable":true,"href":"https:\/\/uj.adatbank.ro\/lexikon\/wp-json\/wp\/v2\/product_cat?post=7723"},{"taxonomy":"product_tag","embeddable":true,"href":"https:\/\/uj.adatbank.ro\/lexikon\/wp-json\/wp\/v2\/product_tag?post=7723"}],"curies":[{"name":"wp","href":"https:\/\/api.w.org\/{rel}","templated":true}]}}