{"id":7724,"date":"2025-06-29T10:01:38","date_gmt":"2025-06-29T08:01:38","guid":{"rendered":"https:\/\/uj.adatbank.ro\/lexikon\/termek\/farkas-samuel-2\/"},"modified":"2025-06-29T10:01:38","modified_gmt":"2025-06-29T08:01:38","slug":"farkas-samuel-2","status":"publish","type":"product","link":"https:\/\/uj.adatbank.ro\/lexikon\/termek\/farkas-samuel-2\/","title":{"rendered":"FARKAS S\u00e1muel"},"content":{"rendered":"<p>Mv., 1883., \u2020\u00a0? : term\u00e9ny-keresked\u0151. \u2013 Iskol\u00e1i elv\u00e9gz\u00e9se ut\u00e1n, mint gazdas\u00e1gi int\u00e9z\u0151, 21 \u00e9vet t\u00f6lt\u00f6tt el gr. Somsich Tiham\u00e9r f\u00f6ldbirtok\u00e1n Kiskenden, azut\u00e1n \u00f6n\u00e1ll\u00f3 keresked\u0151 lett Mv.-en. Az els\u0151 vh.-ban az olasz fronton harcolt. Mv.-r\u0151l feles\u00e9g\u00e9vel (1887\u2013) egy\u00fctt deport\u00e1lt\u00e1k (1944. m\u00e1j. 29.). <br \/><strong>Irod.:<\/strong> Mv. zsid\u00f3s\u00e1ga; Sz\u00e9kelyf\u00f6ld \u00ed. k.<\/br><\/p>\n","protected":false},"excerpt":{"rendered":"<p>Mv., 1883., \u2020\u00a0? : term\u00e9ny-keresked\u0151. \u2013 Iskol\u00e1i elv\u00e9gz\u00e9se ut\u00e1n, mint gazdas\u00e1gi int\u00e9z\u0151, 21 \u00e9vet t\u00f6lt\u00f6tt el gr. Somsich Tiham\u00e9r f\u00f6ldbirtok\u00e1n Kiskenden, azut\u00e1n \u00f6n\u00e1ll\u00f3 keresked\u0151 lett Mv.-en. Az els\u0151 vh.-ban az olasz fronton harcolt. Mv.-r\u0151l feles\u00e9g\u00e9vel (1887\u2013) egy\u00fctt deport\u00e1lt\u00e1k (1944. m\u00e1j. 29.). Irod.: Mv. zsid\u00f3s\u00e1ga; Sz\u00e9kelyf\u00f6ld \u00ed. k.<\/p>\n","protected":false},"featured_media":0,"comment_status":"open","ping_status":"closed","template":"","meta":[],"product_brand":[],"product_cat":[137],"product_tag":[],"class_list":{"0":"post-7724","1":"product","2":"type-product","3":"status-publish","5":"product_cat-maros-megyei-eletrajzi-lexikon","7":"first","8":"instock","9":"shipping-taxable","10":"product-type-simple"},"_links":{"self":[{"href":"https:\/\/uj.adatbank.ro\/lexikon\/wp-json\/wp\/v2\/product\/7724","targetHints":{"allow":["GET"]}}],"collection":[{"href":"https:\/\/uj.adatbank.ro\/lexikon\/wp-json\/wp\/v2\/product"}],"about":[{"href":"https:\/\/uj.adatbank.ro\/lexikon\/wp-json\/wp\/v2\/types\/product"}],"replies":[{"embeddable":true,"href":"https:\/\/uj.adatbank.ro\/lexikon\/wp-json\/wp\/v2\/comments?post=7724"}],"wp:attachment":[{"href":"https:\/\/uj.adatbank.ro\/lexikon\/wp-json\/wp\/v2\/media?parent=7724"}],"wp:term":[{"taxonomy":"product_brand","embeddable":true,"href":"https:\/\/uj.adatbank.ro\/lexikon\/wp-json\/wp\/v2\/product_brand?post=7724"},{"taxonomy":"product_cat","embeddable":true,"href":"https:\/\/uj.adatbank.ro\/lexikon\/wp-json\/wp\/v2\/product_cat?post=7724"},{"taxonomy":"product_tag","embeddable":true,"href":"https:\/\/uj.adatbank.ro\/lexikon\/wp-json\/wp\/v2\/product_tag?post=7724"}],"curies":[{"name":"wp","href":"https:\/\/api.w.org\/{rel}","templated":true}]}}