{"id":7725,"date":"2025-06-29T10:01:39","date_gmt":"2025-06-29T08:01:39","guid":{"rendered":"https:\/\/uj.adatbank.ro\/lexikon\/termek\/farkas-samuel-3\/"},"modified":"2025-06-29T10:01:39","modified_gmt":"2025-06-29T08:01:39","slug":"farkas-samuel-3","status":"publish","type":"product","link":"https:\/\/uj.adatbank.ro\/lexikon\/termek\/farkas-samuel-3\/","title":{"rendered":"FARKAS S\u00e1muel"},"content":{"rendered":"<p>Segesv\u00e1r, 1895., \u2020\u00a0?: v\u00e1llalkoz\u00f3. \u2013 Apja: S\u00e1ndor. Testv\u00e9rei: G\u00e1bor, M\u00f3zes. \u2013 K\u00f6z\u00e9piskol\u00e1i elv\u00e9gz\u00e9se ut\u00e1n a b\u00e9csi exportakad. -\u00e1n tanult, majd a s\u00e9kelyudvarhelyi csal\u00e1di fatelepet, a Farkas S\u00e1ndor \u00f6r\u00f6k\u00f6seit, testv\u00e9reivel (G\u00e1bor, M\u00f3zes) k\u00f6z\u00f6sen vezettek. <br \/><strong>Irod.:<\/strong> Sz\u00e9kelyf\u00f6ld \u00ed. k.<\/br><\/p>\n","protected":false},"excerpt":{"rendered":"<p>Segesv\u00e1r, 1895., \u2020\u00a0?: v\u00e1llalkoz\u00f3. \u2013 Apja: S\u00e1ndor. Testv\u00e9rei: G\u00e1bor, M\u00f3zes. \u2013 K\u00f6z\u00e9piskol\u00e1i elv\u00e9gz\u00e9se ut\u00e1n a b\u00e9csi exportakad. -\u00e1n tanult, majd a s\u00e9kelyudvarhelyi csal\u00e1di fatelepet, a Farkas S\u00e1ndor \u00f6r\u00f6k\u00f6seit, testv\u00e9reivel (G\u00e1bor, M\u00f3zes) k\u00f6z\u00f6sen vezettek. Irod.: Sz\u00e9kelyf\u00f6ld \u00ed. k.<\/p>\n","protected":false},"featured_media":0,"comment_status":"open","ping_status":"closed","template":"","meta":[],"product_brand":[],"product_cat":[137],"product_tag":[],"class_list":{"0":"post-7725","1":"product","2":"type-product","3":"status-publish","5":"product_cat-maros-megyei-eletrajzi-lexikon","7":"first","8":"instock","9":"shipping-taxable","10":"product-type-simple"},"_links":{"self":[{"href":"https:\/\/uj.adatbank.ro\/lexikon\/wp-json\/wp\/v2\/product\/7725","targetHints":{"allow":["GET"]}}],"collection":[{"href":"https:\/\/uj.adatbank.ro\/lexikon\/wp-json\/wp\/v2\/product"}],"about":[{"href":"https:\/\/uj.adatbank.ro\/lexikon\/wp-json\/wp\/v2\/types\/product"}],"replies":[{"embeddable":true,"href":"https:\/\/uj.adatbank.ro\/lexikon\/wp-json\/wp\/v2\/comments?post=7725"}],"wp:attachment":[{"href":"https:\/\/uj.adatbank.ro\/lexikon\/wp-json\/wp\/v2\/media?parent=7725"}],"wp:term":[{"taxonomy":"product_brand","embeddable":true,"href":"https:\/\/uj.adatbank.ro\/lexikon\/wp-json\/wp\/v2\/product_brand?post=7725"},{"taxonomy":"product_cat","embeddable":true,"href":"https:\/\/uj.adatbank.ro\/lexikon\/wp-json\/wp\/v2\/product_cat?post=7725"},{"taxonomy":"product_tag","embeddable":true,"href":"https:\/\/uj.adatbank.ro\/lexikon\/wp-json\/wp\/v2\/product_tag?post=7725"}],"curies":[{"name":"wp","href":"https:\/\/api.w.org\/{rel}","templated":true}]}}