{"id":7727,"date":"2025-06-29T10:01:45","date_gmt":"2025-06-29T08:01:45","guid":{"rendered":"https:\/\/uj.adatbank.ro\/lexikon\/termek\/farkas-sandor-2\/"},"modified":"2025-06-29T10:01:45","modified_gmt":"2025-06-29T08:01:45","slug":"farkas-sandor-2","status":"publish","type":"product","link":"https:\/\/uj.adatbank.ro\/lexikon\/termek\/farkas-sandor-2\/","title":{"rendered":"FARKAS S\u00e1ndor"},"content":{"rendered":"<p>? \u2020 Mv., 1972. nov. 6.: \u00e9p\u00edt\u00e9sz. \u2013 A Mezei S\u00e1ndor L-alak\u00fa h\u00e1z\u00e1t tervezte a mai Doroban\u0163ilor u. 20. sz. alatt (1925). Az \u00e9vek sor\u00e1n eszk\u00f6z\u00f6lt sok \u00e1talak\u00edt\u00e1ssal megfosztott\u00e1k minden d\u00edsz\u00edt\u00e9st\u0151l. <br \/><strong>Irod.:<\/strong> Man: Tg. M. 3<\/br><\/p>\n","protected":false},"excerpt":{"rendered":"<p>? \u2020 Mv., 1972. nov. 6.: \u00e9p\u00edt\u00e9sz. \u2013 A Mezei S\u00e1ndor L-alak\u00fa h\u00e1z\u00e1t tervezte a mai Doroban\u0163ilor u. 20. sz. alatt (1925). Az \u00e9vek sor\u00e1n eszk\u00f6z\u00f6lt sok \u00e1talak\u00edt\u00e1ssal megfosztott\u00e1k minden d\u00edsz\u00edt\u00e9st\u0151l. Irod.: Man: Tg. M. 3<\/p>\n","protected":false},"featured_media":0,"comment_status":"open","ping_status":"closed","template":"","meta":[],"product_brand":[],"product_cat":[137],"product_tag":[],"class_list":{"0":"post-7727","1":"product","2":"type-product","3":"status-publish","5":"product_cat-maros-megyei-eletrajzi-lexikon","7":"first","8":"instock","9":"shipping-taxable","10":"product-type-simple"},"_links":{"self":[{"href":"https:\/\/uj.adatbank.ro\/lexikon\/wp-json\/wp\/v2\/product\/7727","targetHints":{"allow":["GET"]}}],"collection":[{"href":"https:\/\/uj.adatbank.ro\/lexikon\/wp-json\/wp\/v2\/product"}],"about":[{"href":"https:\/\/uj.adatbank.ro\/lexikon\/wp-json\/wp\/v2\/types\/product"}],"replies":[{"embeddable":true,"href":"https:\/\/uj.adatbank.ro\/lexikon\/wp-json\/wp\/v2\/comments?post=7727"}],"wp:attachment":[{"href":"https:\/\/uj.adatbank.ro\/lexikon\/wp-json\/wp\/v2\/media?parent=7727"}],"wp:term":[{"taxonomy":"product_brand","embeddable":true,"href":"https:\/\/uj.adatbank.ro\/lexikon\/wp-json\/wp\/v2\/product_brand?post=7727"},{"taxonomy":"product_cat","embeddable":true,"href":"https:\/\/uj.adatbank.ro\/lexikon\/wp-json\/wp\/v2\/product_cat?post=7727"},{"taxonomy":"product_tag","embeddable":true,"href":"https:\/\/uj.adatbank.ro\/lexikon\/wp-json\/wp\/v2\/product_tag?post=7727"}],"curies":[{"name":"wp","href":"https:\/\/api.w.org\/{rel}","templated":true}]}}