{"id":7729,"date":"2025-06-29T10:01:48","date_gmt":"2025-06-29T08:01:48","guid":{"rendered":"https:\/\/uj.adatbank.ro\/lexikon\/termek\/farkas-tamas-borbereki\/"},"modified":"2025-06-29T10:01:48","modified_gmt":"2025-06-29T08:01:48","slug":"farkas-tamas-borbereki","status":"publish","type":"product","link":"https:\/\/uj.adatbank.ro\/lexikon\/termek\/farkas-tamas-borbereki\/","title":{"rendered":"FARKAS Tam\u00e1s, borbereki"},"content":{"rendered":"<p>? \u2020 ? : nemes. \u2013 Nemesi csal\u00e1d tagja. A sz\u00e9kelyek alisp\u00e1nja (1493). <br \/><strong>Irod.:<\/strong> B\u00edr\u00f3 Don\u00e1t; P\u00e1lmay<\/br><\/p>\n","protected":false},"excerpt":{"rendered":"<p>? \u2020 ? : nemes. \u2013 Nemesi csal\u00e1d tagja. A sz\u00e9kelyek alisp\u00e1nja (1493). Irod.: B\u00edr\u00f3 Don\u00e1t; P\u00e1lmay<\/p>\n","protected":false},"featured_media":0,"comment_status":"open","ping_status":"closed","template":"","meta":[],"product_brand":[],"product_cat":[137],"product_tag":[],"class_list":{"0":"post-7729","1":"product","2":"type-product","3":"status-publish","5":"product_cat-maros-megyei-eletrajzi-lexikon","7":"first","8":"instock","9":"shipping-taxable","10":"product-type-simple"},"_links":{"self":[{"href":"https:\/\/uj.adatbank.ro\/lexikon\/wp-json\/wp\/v2\/product\/7729","targetHints":{"allow":["GET"]}}],"collection":[{"href":"https:\/\/uj.adatbank.ro\/lexikon\/wp-json\/wp\/v2\/product"}],"about":[{"href":"https:\/\/uj.adatbank.ro\/lexikon\/wp-json\/wp\/v2\/types\/product"}],"replies":[{"embeddable":true,"href":"https:\/\/uj.adatbank.ro\/lexikon\/wp-json\/wp\/v2\/comments?post=7729"}],"wp:attachment":[{"href":"https:\/\/uj.adatbank.ro\/lexikon\/wp-json\/wp\/v2\/media?parent=7729"}],"wp:term":[{"taxonomy":"product_brand","embeddable":true,"href":"https:\/\/uj.adatbank.ro\/lexikon\/wp-json\/wp\/v2\/product_brand?post=7729"},{"taxonomy":"product_cat","embeddable":true,"href":"https:\/\/uj.adatbank.ro\/lexikon\/wp-json\/wp\/v2\/product_cat?post=7729"},{"taxonomy":"product_tag","embeddable":true,"href":"https:\/\/uj.adatbank.ro\/lexikon\/wp-json\/wp\/v2\/product_tag?post=7729"}],"curies":[{"name":"wp","href":"https:\/\/api.w.org\/{rel}","templated":true}]}}