{"id":7732,"date":"2025-06-29T10:01:57","date_gmt":"2025-06-29T08:01:57","guid":{"rendered":"https:\/\/uj.adatbank.ro\/lexikon\/termek\/farkas-viktor\/"},"modified":"2025-06-29T10:01:57","modified_gmt":"2025-06-29T08:01:57","slug":"farkas-viktor","status":"publish","type":"product","link":"https:\/\/uj.adatbank.ro\/lexikon\/termek\/farkas-viktor\/","title":{"rendered":"FARKAS Viktor"},"content":{"rendered":"<p>? \u2020 ? : r. k. pap. \u2013 Pl\u00e9b\u00e1nos. A Luni\u00e1n-p\u00e1rt marosmegyei szervezete tagja, ennek nev\u00e9ben adta ki a k\u00f6nyvecsk\u00e9j\u00e9t (22 p.). \u2013 <strong>F. m.:<\/strong> A Rom\u00e1niai Radik\u00e1lis Paraszt (F\u00f6ldm\u00edves) P\u00e1rt harcosainak olvas\u00f3k\u00f6nyve (Magyarr\u00e9gen, 1935). <br \/><strong>Irod.:<\/strong> Guly\u00e1s<\/br><\/p>\n","protected":false},"excerpt":{"rendered":"<p>? \u2020 ? : r. k. pap. \u2013 Pl\u00e9b\u00e1nos. A Luni\u00e1n-p\u00e1rt marosmegyei szervezete tagja, ennek nev\u00e9ben adta ki a k\u00f6nyvecsk\u00e9j\u00e9t (22 p.). \u2013 F. m.: A Rom\u00e1niai Radik\u00e1lis Paraszt (F\u00f6ldm\u00edves) P\u00e1rt harcosainak olvas\u00f3k\u00f6nyve (Magyarr\u00e9gen, 1935). Irod.: Guly\u00e1s<\/p>\n","protected":false},"featured_media":0,"comment_status":"open","ping_status":"closed","template":"","meta":[],"product_brand":[],"product_cat":[137],"product_tag":[],"class_list":{"0":"post-7732","1":"product","2":"type-product","3":"status-publish","5":"product_cat-maros-megyei-eletrajzi-lexikon","7":"first","8":"instock","9":"shipping-taxable","10":"product-type-simple"},"_links":{"self":[{"href":"https:\/\/uj.adatbank.ro\/lexikon\/wp-json\/wp\/v2\/product\/7732","targetHints":{"allow":["GET"]}}],"collection":[{"href":"https:\/\/uj.adatbank.ro\/lexikon\/wp-json\/wp\/v2\/product"}],"about":[{"href":"https:\/\/uj.adatbank.ro\/lexikon\/wp-json\/wp\/v2\/types\/product"}],"replies":[{"embeddable":true,"href":"https:\/\/uj.adatbank.ro\/lexikon\/wp-json\/wp\/v2\/comments?post=7732"}],"wp:attachment":[{"href":"https:\/\/uj.adatbank.ro\/lexikon\/wp-json\/wp\/v2\/media?parent=7732"}],"wp:term":[{"taxonomy":"product_brand","embeddable":true,"href":"https:\/\/uj.adatbank.ro\/lexikon\/wp-json\/wp\/v2\/product_brand?post=7732"},{"taxonomy":"product_cat","embeddable":true,"href":"https:\/\/uj.adatbank.ro\/lexikon\/wp-json\/wp\/v2\/product_cat?post=7732"},{"taxonomy":"product_tag","embeddable":true,"href":"https:\/\/uj.adatbank.ro\/lexikon\/wp-json\/wp\/v2\/product_tag?post=7732"}],"curies":[{"name":"wp","href":"https:\/\/api.w.org\/{rel}","templated":true}]}}