{"id":7733,"date":"2025-06-29T10:01:59","date_gmt":"2025-06-29T08:01:59","guid":{"rendered":"https:\/\/uj.adatbank.ro\/lexikon\/termek\/farkas-zacharie-lupu-zaharie\/"},"modified":"2025-06-29T10:01:59","modified_gmt":"2025-06-29T08:01:59","slug":"farkas-zacharie-lupu-zaharie","status":"publish","type":"product","link":"https:\/\/uj.adatbank.ro\/lexikon\/termek\/farkas-zacharie-lupu-zaharie\/","title":{"rendered":"FARKAS Zacharie, Lupu Zaharie"},"content":{"rendered":"<p>? \u2020 ? : g\u00f6r. kat. pap. \u2013 Ioan Bob p\u00fcsp\u00f6k Hod\u00e1kba helyezte szolg\u00e1lni (1799. m\u00e1rc. 17. \u2013). Val\u00f3sz\u00edn\u0171 az \u0151 lesz\u00e1rmazottja Lupu Zaharie ort. pap, aki szint\u00e9n Hod\u00e1kban szolg\u00e1lt (1882 k.). &#8211;<br \/><strong>Irod.:<\/strong> Dobozi<\/br><\/p>\n","protected":false},"excerpt":{"rendered":"<p>? \u2020 ? : g\u00f6r. kat. pap. \u2013 Ioan Bob p\u00fcsp\u00f6k Hod\u00e1kba helyezte szolg\u00e1lni (1799. m\u00e1rc. 17. \u2013). Val\u00f3sz\u00edn\u0171 az \u0151 lesz\u00e1rmazottja Lupu Zaharie ort. pap, aki szint\u00e9n Hod\u00e1kban szolg\u00e1lt (1882 k.). &#8211;Irod.: Dobozi<\/p>\n","protected":false},"featured_media":0,"comment_status":"open","ping_status":"closed","template":"","meta":[],"product_brand":[],"product_cat":[137],"product_tag":[],"class_list":{"0":"post-7733","1":"product","2":"type-product","3":"status-publish","5":"product_cat-maros-megyei-eletrajzi-lexikon","7":"first","8":"instock","9":"shipping-taxable","10":"product-type-simple"},"_links":{"self":[{"href":"https:\/\/uj.adatbank.ro\/lexikon\/wp-json\/wp\/v2\/product\/7733","targetHints":{"allow":["GET"]}}],"collection":[{"href":"https:\/\/uj.adatbank.ro\/lexikon\/wp-json\/wp\/v2\/product"}],"about":[{"href":"https:\/\/uj.adatbank.ro\/lexikon\/wp-json\/wp\/v2\/types\/product"}],"replies":[{"embeddable":true,"href":"https:\/\/uj.adatbank.ro\/lexikon\/wp-json\/wp\/v2\/comments?post=7733"}],"wp:attachment":[{"href":"https:\/\/uj.adatbank.ro\/lexikon\/wp-json\/wp\/v2\/media?parent=7733"}],"wp:term":[{"taxonomy":"product_brand","embeddable":true,"href":"https:\/\/uj.adatbank.ro\/lexikon\/wp-json\/wp\/v2\/product_brand?post=7733"},{"taxonomy":"product_cat","embeddable":true,"href":"https:\/\/uj.adatbank.ro\/lexikon\/wp-json\/wp\/v2\/product_cat?post=7733"},{"taxonomy":"product_tag","embeddable":true,"href":"https:\/\/uj.adatbank.ro\/lexikon\/wp-json\/wp\/v2\/product_tag?post=7733"}],"curies":[{"name":"wp","href":"https:\/\/api.w.org\/{rel}","templated":true}]}}