{"id":7736,"date":"2025-06-29T10:02:06","date_gmt":"2025-06-29T08:02:06","guid":{"rendered":"https:\/\/uj.adatbank.ro\/lexikon\/termek\/farkas-zoltan-dr\/"},"modified":"2025-06-29T10:02:06","modified_gmt":"2025-06-29T08:02:06","slug":"farkas-zoltan-dr","status":"publish","type":"product","link":"https:\/\/uj.adatbank.ro\/lexikon\/termek\/farkas-zoltan-dr\/","title":{"rendered":"FARKAS Zolt\u00e1n, dr."},"content":{"rendered":"<p>Mv., 1933., \u2020 Mv., 2009: orvos. \u2013 Feles\u00e9ge: Farkas Tatj\u00e1na (1934\u20132009). Mv.-en v\u00e9gzett az OGYI orvos kar\u00e1n (1956). A felcseriskol\u00e1ban \u00e9retts\u00e9gizett, a Sanepidn\u00e9l dolgozott , majd beiratkozott az OGYI Gyermekgy\u00f3gy\u00e1szati Karra. Orvosi diplom\u00e1t kapott (1967). \u00c1ltal\u00e1nos orvosk\u00e9nt dolgozott M\u00e1ramarosban t\u00edz \u00e9vet, Segesv\u00e1ron k\u00e9t \u00e9vet, nyugd\u00edjaz\u00e1s\u00e1ig Balav\u00e1s\u00e1ron, 76 \u00e9vesen fejezte be \u00e9let\u00e9t. <br \/><strong>Irod.:<\/strong> Kiss\u2013P\u00e9terffy\u2013P\u00e9terffy; Kiss Cs. M 4.<\/br><\/p>\n","protected":false},"excerpt":{"rendered":"<p>Mv., 1933., \u2020 Mv., 2009: orvos. \u2013 Feles\u00e9ge: Farkas Tatj\u00e1na (1934\u20132009). Mv.-en v\u00e9gzett az OGYI orvos kar\u00e1n (1956). A felcseriskol\u00e1ban \u00e9retts\u00e9gizett, a Sanepidn\u00e9l dolgozott , majd beiratkozott az OGYI Gyermekgy\u00f3gy\u00e1szati Karra. Orvosi diplom\u00e1t kapott (1967). \u00c1ltal\u00e1nos orvosk\u00e9nt dolgozott M\u00e1ramarosban t\u00edz \u00e9vet, Segesv\u00e1ron k\u00e9t \u00e9vet, nyugd\u00edjaz\u00e1s\u00e1ig Balav\u00e1s\u00e1ron, 76 \u00e9vesen fejezte be \u00e9let\u00e9t. Irod.: Kiss\u2013P\u00e9terffy\u2013P\u00e9terffy; Kiss Cs. [&hellip;]<\/p>\n","protected":false},"featured_media":0,"comment_status":"open","ping_status":"closed","template":"","meta":[],"product_brand":[],"product_cat":[137],"product_tag":[],"class_list":{"0":"post-7736","1":"product","2":"type-product","3":"status-publish","5":"product_cat-maros-megyei-eletrajzi-lexikon","7":"first","8":"instock","9":"shipping-taxable","10":"product-type-simple"},"_links":{"self":[{"href":"https:\/\/uj.adatbank.ro\/lexikon\/wp-json\/wp\/v2\/product\/7736","targetHints":{"allow":["GET"]}}],"collection":[{"href":"https:\/\/uj.adatbank.ro\/lexikon\/wp-json\/wp\/v2\/product"}],"about":[{"href":"https:\/\/uj.adatbank.ro\/lexikon\/wp-json\/wp\/v2\/types\/product"}],"replies":[{"embeddable":true,"href":"https:\/\/uj.adatbank.ro\/lexikon\/wp-json\/wp\/v2\/comments?post=7736"}],"wp:attachment":[{"href":"https:\/\/uj.adatbank.ro\/lexikon\/wp-json\/wp\/v2\/media?parent=7736"}],"wp:term":[{"taxonomy":"product_brand","embeddable":true,"href":"https:\/\/uj.adatbank.ro\/lexikon\/wp-json\/wp\/v2\/product_brand?post=7736"},{"taxonomy":"product_cat","embeddable":true,"href":"https:\/\/uj.adatbank.ro\/lexikon\/wp-json\/wp\/v2\/product_cat?post=7736"},{"taxonomy":"product_tag","embeddable":true,"href":"https:\/\/uj.adatbank.ro\/lexikon\/wp-json\/wp\/v2\/product_tag?post=7736"}],"curies":[{"name":"wp","href":"https:\/\/api.w.org\/{rel}","templated":true}]}}