{"id":7737,"date":"2025-06-29T10:02:08","date_gmt":"2025-06-29T08:02:08","guid":{"rendered":"https:\/\/uj.adatbank.ro\/lexikon\/termek\/farnasi-veres-benedek\/"},"modified":"2025-06-29T10:02:08","modified_gmt":"2025-06-29T08:02:08","slug":"farnasi-veres-benedek","status":"publish","type":"product","link":"https:\/\/uj.adatbank.ro\/lexikon\/termek\/farnasi-veres-benedek\/","title":{"rendered":"FARNASI VERES Benedek"},"content":{"rendered":"<p>? \u2020\u00a0? : birtokos. \u2013 M\u00e1ty\u00e1s kir\u00e1ly meger\u0151s\u00edtette tulajdonjog\u00e1t Magyarf\u00fclp\u00f6s, Sz\u00e1szf\u00fclp\u00f6s \u00e9s Unoka falvakra (1459. j\u00fal. 13.), majd h\u0171tlens\u00e9g v\u00e1dj\u00e1val elkobozta (1467. nov. 1\u20132). <br \/><strong>Irod.:<\/strong> Magyarf\u00fclp\u00f6s<\/br><\/p>\n","protected":false},"excerpt":{"rendered":"<p>? \u2020\u00a0? : birtokos. \u2013 M\u00e1ty\u00e1s kir\u00e1ly meger\u0151s\u00edtette tulajdonjog\u00e1t Magyarf\u00fclp\u00f6s, Sz\u00e1szf\u00fclp\u00f6s \u00e9s Unoka falvakra (1459. j\u00fal. 13.), majd h\u0171tlens\u00e9g v\u00e1dj\u00e1val elkobozta (1467. nov. 1\u20132). Irod.: Magyarf\u00fclp\u00f6s<\/p>\n","protected":false},"featured_media":0,"comment_status":"open","ping_status":"closed","template":"","meta":[],"product_brand":[],"product_cat":[137],"product_tag":[],"class_list":{"0":"post-7737","1":"product","2":"type-product","3":"status-publish","5":"product_cat-maros-megyei-eletrajzi-lexikon","7":"first","8":"instock","9":"shipping-taxable","10":"product-type-simple"},"_links":{"self":[{"href":"https:\/\/uj.adatbank.ro\/lexikon\/wp-json\/wp\/v2\/product\/7737","targetHints":{"allow":["GET"]}}],"collection":[{"href":"https:\/\/uj.adatbank.ro\/lexikon\/wp-json\/wp\/v2\/product"}],"about":[{"href":"https:\/\/uj.adatbank.ro\/lexikon\/wp-json\/wp\/v2\/types\/product"}],"replies":[{"embeddable":true,"href":"https:\/\/uj.adatbank.ro\/lexikon\/wp-json\/wp\/v2\/comments?post=7737"}],"wp:attachment":[{"href":"https:\/\/uj.adatbank.ro\/lexikon\/wp-json\/wp\/v2\/media?parent=7737"}],"wp:term":[{"taxonomy":"product_brand","embeddable":true,"href":"https:\/\/uj.adatbank.ro\/lexikon\/wp-json\/wp\/v2\/product_brand?post=7737"},{"taxonomy":"product_cat","embeddable":true,"href":"https:\/\/uj.adatbank.ro\/lexikon\/wp-json\/wp\/v2\/product_cat?post=7737"},{"taxonomy":"product_tag","embeddable":true,"href":"https:\/\/uj.adatbank.ro\/lexikon\/wp-json\/wp\/v2\/product_tag?post=7737"}],"curies":[{"name":"wp","href":"https:\/\/api.w.org\/{rel}","templated":true}]}}