{"id":7746,"date":"2025-06-29T10:02:23","date_gmt":"2025-06-29T08:02:23","guid":{"rendered":"https:\/\/uj.adatbank.ro\/lexikon\/termek\/fay-andor\/"},"modified":"2025-06-29T10:02:23","modified_gmt":"2025-06-29T08:02:23","slug":"fay-andor","status":"publish","type":"product","link":"https:\/\/uj.adatbank.ro\/lexikon\/termek\/fay-andor\/","title":{"rendered":"F\u00c1Y Andor"},"content":{"rendered":"<p>Sz\u00e1szr\u00e9gen, 1896., \u2020\u00a0? : dr. jur., miniszteri oszt\u00e1lytan\u00e1csos. \u2013 A F\u00fcldm\u0171vel\u00e9si Miniszt\u00e9rium szolg\u00e1lat\u00e1ba l\u00e9pett (1919), mint oszt\u00e1lytan\u00e1csos a v\u00edz\u00fcgyi oszt\u00e1lyon dolgozott (1944). <strong>Cikkei:<\/strong> a\u00a0V\u00edz\u00fcgyi K\u00f6zlem., \u00d6nt\u00f6z\u00e9s\u00fcgyi K\u00f6zlem.-ben. <br \/><strong>Irod.:<\/strong> Guly\u00e1s<\/br><\/p>\n","protected":false},"excerpt":{"rendered":"<p>Sz\u00e1szr\u00e9gen, 1896., \u2020\u00a0? : dr. jur., miniszteri oszt\u00e1lytan\u00e1csos. \u2013 A F\u00fcldm\u0171vel\u00e9si Miniszt\u00e9rium szolg\u00e1lat\u00e1ba l\u00e9pett (1919), mint oszt\u00e1lytan\u00e1csos a v\u00edz\u00fcgyi oszt\u00e1lyon dolgozott (1944). Cikkei: a\u00a0V\u00edz\u00fcgyi K\u00f6zlem., \u00d6nt\u00f6z\u00e9s\u00fcgyi K\u00f6zlem.-ben. Irod.: Guly\u00e1s<\/p>\n","protected":false},"featured_media":0,"comment_status":"open","ping_status":"closed","template":"","meta":[],"product_brand":[],"product_cat":[137],"product_tag":[],"class_list":{"0":"post-7746","1":"product","2":"type-product","3":"status-publish","5":"product_cat-maros-megyei-eletrajzi-lexikon","7":"first","8":"instock","9":"shipping-taxable","10":"product-type-simple"},"_links":{"self":[{"href":"https:\/\/uj.adatbank.ro\/lexikon\/wp-json\/wp\/v2\/product\/7746","targetHints":{"allow":["GET"]}}],"collection":[{"href":"https:\/\/uj.adatbank.ro\/lexikon\/wp-json\/wp\/v2\/product"}],"about":[{"href":"https:\/\/uj.adatbank.ro\/lexikon\/wp-json\/wp\/v2\/types\/product"}],"replies":[{"embeddable":true,"href":"https:\/\/uj.adatbank.ro\/lexikon\/wp-json\/wp\/v2\/comments?post=7746"}],"wp:attachment":[{"href":"https:\/\/uj.adatbank.ro\/lexikon\/wp-json\/wp\/v2\/media?parent=7746"}],"wp:term":[{"taxonomy":"product_brand","embeddable":true,"href":"https:\/\/uj.adatbank.ro\/lexikon\/wp-json\/wp\/v2\/product_brand?post=7746"},{"taxonomy":"product_cat","embeddable":true,"href":"https:\/\/uj.adatbank.ro\/lexikon\/wp-json\/wp\/v2\/product_cat?post=7746"},{"taxonomy":"product_tag","embeddable":true,"href":"https:\/\/uj.adatbank.ro\/lexikon\/wp-json\/wp\/v2\/product_tag?post=7746"}],"curies":[{"name":"wp","href":"https:\/\/api.w.org\/{rel}","templated":true}]}}