{"id":7747,"date":"2025-06-29T10:02:25","date_gmt":"2025-06-29T08:02:25","guid":{"rendered":"https:\/\/uj.adatbank.ro\/lexikon\/termek\/fay-blanka-pekri-gezane\/"},"modified":"2025-06-29T10:02:25","modified_gmt":"2025-06-29T08:02:25","slug":"fay-blanka-pekri-gezane","status":"publish","type":"product","link":"https:\/\/uj.adatbank.ro\/lexikon\/termek\/fay-blanka-pekri-gezane\/","title":{"rendered":"F\u00c1Y Blanka, Pekri G\u00e9z\u00e1n\u00e9"},"content":{"rendered":"<p>? \u2020\u00a0? : eln\u00f6k. \u2013 F\u00e9rje: Pekry G\u00e9za (1885\u20131965). \u2013 Dics\u0151szentm\u00e1rtoni k\u00f6z\u00e9leti szem\u00e9lyis\u00e9g. A k\u00fck\u00fcll\u0151i Ref. Egyh\u00e1zmegye \u00e9s helyi N\u0151sz\u00f6vets\u00e9g eln\u0151ke, az Erd\u00e9lyi Ref. Egyh\u00e1zker\u00fclet N\u0151sz\u00f6vets\u00e9g\u00e9nek aleln\u00f6ke, a M. N\u0151egylet eln\u00f6ke. <br \/><strong>Irod.:<\/strong> EM; Marosi-KZST<\/br><\/p>\n","protected":false},"excerpt":{"rendered":"<p>? \u2020\u00a0? : eln\u00f6k. \u2013 F\u00e9rje: Pekry G\u00e9za (1885\u20131965). \u2013 Dics\u0151szentm\u00e1rtoni k\u00f6z\u00e9leti szem\u00e9lyis\u00e9g. A k\u00fck\u00fcll\u0151i Ref. Egyh\u00e1zmegye \u00e9s helyi N\u0151sz\u00f6vets\u00e9g eln\u0151ke, az Erd\u00e9lyi Ref. Egyh\u00e1zker\u00fclet N\u0151sz\u00f6vets\u00e9g\u00e9nek aleln\u00f6ke, a M. N\u0151egylet eln\u00f6ke. Irod.: EM; Marosi-KZST<\/p>\n","protected":false},"featured_media":0,"comment_status":"open","ping_status":"closed","template":"","meta":[],"product_brand":[],"product_cat":[137],"product_tag":[],"class_list":{"0":"post-7747","1":"product","2":"type-product","3":"status-publish","5":"product_cat-maros-megyei-eletrajzi-lexikon","7":"first","8":"instock","9":"shipping-taxable","10":"product-type-simple"},"_links":{"self":[{"href":"https:\/\/uj.adatbank.ro\/lexikon\/wp-json\/wp\/v2\/product\/7747","targetHints":{"allow":["GET"]}}],"collection":[{"href":"https:\/\/uj.adatbank.ro\/lexikon\/wp-json\/wp\/v2\/product"}],"about":[{"href":"https:\/\/uj.adatbank.ro\/lexikon\/wp-json\/wp\/v2\/types\/product"}],"replies":[{"embeddable":true,"href":"https:\/\/uj.adatbank.ro\/lexikon\/wp-json\/wp\/v2\/comments?post=7747"}],"wp:attachment":[{"href":"https:\/\/uj.adatbank.ro\/lexikon\/wp-json\/wp\/v2\/media?parent=7747"}],"wp:term":[{"taxonomy":"product_brand","embeddable":true,"href":"https:\/\/uj.adatbank.ro\/lexikon\/wp-json\/wp\/v2\/product_brand?post=7747"},{"taxonomy":"product_cat","embeddable":true,"href":"https:\/\/uj.adatbank.ro\/lexikon\/wp-json\/wp\/v2\/product_cat?post=7747"},{"taxonomy":"product_tag","embeddable":true,"href":"https:\/\/uj.adatbank.ro\/lexikon\/wp-json\/wp\/v2\/product_tag?post=7747"}],"curies":[{"name":"wp","href":"https:\/\/api.w.org\/{rel}","templated":true}]}}