{"id":7750,"date":"2025-06-29T10:02:36","date_gmt":"2025-06-29T08:02:36","guid":{"rendered":"https:\/\/uj.adatbank.ro\/lexikon\/termek\/fay-marton\/"},"modified":"2025-06-29T10:02:36","modified_gmt":"2025-06-29T08:02:36","slug":"fay-marton","status":"publish","type":"product","link":"https:\/\/uj.adatbank.ro\/lexikon\/termek\/fay-marton\/","title":{"rendered":"FAY M\u00e1rton"},"content":{"rendered":"<p>Bolk\u00e1cs, 1724. szept., \u2020 Magyars\u00e1ros, 1786. m\u00e1rc. 13.: ev. lelk\u00e9sz. \u2013 Tanult a medgyesi gimn.-ban (1740\u2013), a hallei egyetemen (1747\u2013). K\u00e1ntor \u00e9s le\u00e1nyiskolai tan\u00edt\u00f3 Medgyesen (1749\u2013), ahol egyh\u00e1zi \u00e9nekszerz\u00e9ssel is foglalkozott. Seg\u00e9dlelk\u00e9sz Medgyesen (1757\u2013), lelk\u00e9sz S\u00e1ros-ban. A legjelent\u0151sebb gy\u0171jt\u0151k egyike volt, akinek Erd\u00e9ly t\u00f6rt\u00e9net\u00e9re vonatkoz\u00f3 eredeti \u00e9s m\u00e1solatb\u00f3l \u00e1ll\u00f3 oklev\u00e9l-gy\u0171jtem\u00e9nye 26 k\u00f6tetet tesz ki. <br \/><strong>Irod.:<\/strong> Szinnyei<\/br><\/p>\n","protected":false},"excerpt":{"rendered":"<p>Bolk\u00e1cs, 1724. szept., \u2020 Magyars\u00e1ros, 1786. m\u00e1rc. 13.: ev. lelk\u00e9sz. \u2013 Tanult a medgyesi gimn.-ban (1740\u2013), a hallei egyetemen (1747\u2013). K\u00e1ntor \u00e9s le\u00e1nyiskolai tan\u00edt\u00f3 Medgyesen (1749\u2013), ahol egyh\u00e1zi \u00e9nekszerz\u00e9ssel is foglalkozott. Seg\u00e9dlelk\u00e9sz Medgyesen (1757\u2013), lelk\u00e9sz S\u00e1ros-ban. A legjelent\u0151sebb gy\u0171jt\u0151k egyike volt, akinek Erd\u00e9ly t\u00f6rt\u00e9net\u00e9re vonatkoz\u00f3 eredeti \u00e9s m\u00e1solatb\u00f3l \u00e1ll\u00f3 oklev\u00e9l-gy\u0171jtem\u00e9nye 26 k\u00f6tetet tesz ki. Irod.: [&hellip;]<\/p>\n","protected":false},"featured_media":0,"comment_status":"open","ping_status":"closed","template":"","meta":[],"product_brand":[],"product_cat":[137],"product_tag":[],"class_list":{"0":"post-7750","1":"product","2":"type-product","3":"status-publish","5":"product_cat-maros-megyei-eletrajzi-lexikon","7":"first","8":"instock","9":"shipping-taxable","10":"product-type-simple"},"_links":{"self":[{"href":"https:\/\/uj.adatbank.ro\/lexikon\/wp-json\/wp\/v2\/product\/7750","targetHints":{"allow":["GET"]}}],"collection":[{"href":"https:\/\/uj.adatbank.ro\/lexikon\/wp-json\/wp\/v2\/product"}],"about":[{"href":"https:\/\/uj.adatbank.ro\/lexikon\/wp-json\/wp\/v2\/types\/product"}],"replies":[{"embeddable":true,"href":"https:\/\/uj.adatbank.ro\/lexikon\/wp-json\/wp\/v2\/comments?post=7750"}],"wp:attachment":[{"href":"https:\/\/uj.adatbank.ro\/lexikon\/wp-json\/wp\/v2\/media?parent=7750"}],"wp:term":[{"taxonomy":"product_brand","embeddable":true,"href":"https:\/\/uj.adatbank.ro\/lexikon\/wp-json\/wp\/v2\/product_brand?post=7750"},{"taxonomy":"product_cat","embeddable":true,"href":"https:\/\/uj.adatbank.ro\/lexikon\/wp-json\/wp\/v2\/product_cat?post=7750"},{"taxonomy":"product_tag","embeddable":true,"href":"https:\/\/uj.adatbank.ro\/lexikon\/wp-json\/wp\/v2\/product_tag?post=7750"}],"curies":[{"name":"wp","href":"https:\/\/api.w.org\/{rel}","templated":true}]}}